{"id":2707,"date":"2023-12-20T12:40:38","date_gmt":"2023-12-20T12:40:38","guid":{"rendered":"https:\/\/marsaship.com\/a-propos-de-marsaship\/"},"modified":"2023-12-24T10:36:44","modified_gmt":"2023-12-24T10:36:44","slug":"a-propos","status":"publish","type":"page","link":"https:\/\/marsaship.com\/fr\/a-propos\/","title":{"rendered":"\u00c0 propos"},"content":{"rendered":"<div class=\"bt_rc_container\"><section id=\"bt_section69e7503b521b7\"  class=\"boldSection topExtraSpaced bottomMoreSpaced btDarkSkin gutter btMiddleVertical wBackground cover\" style=\"background-image:url('https:\/\/marsaship.com\/wp-content\/uploads\/2023\/10\/bgcompany-2.jpg');\"><div class=\"port\"><div class=\"boldCell\"><div class=\"boldCellInner\"><div class=\"boldRow \" ><div class=\"rowItem col-md-12 col-ms-12  btTextLeft inherit\"  ><div class=\"rowItemContent\"><header class=\"header btClear extralarge btDash bottomDash  btAccentDash btRegularTitle\" style=\"max-width: 800px;\"><p class=\"btSuperTitle\">Bienvenue \u00e0<\/p><div class=\"dash\"><h1><span class=\"headline\">Marsaship<\/span><\/h1><\/div><p class=\"btSubTitle\">Fond\u00e9e en 2006, Marsaship a entam\u00e9 un parcours remarquable dans le monde de la logistique maritime. Nos d\u00e9buts ont \u00e9t\u00e9 marqu\u00e9s par une focalisation sur le transport de l&rsquo;huile d&rsquo;olive, une exportation ch\u00e8re et importante de la Tunisie. Au fur et \u00e0 mesure que nous perfectionnons notre expertise dans l&rsquo;art d&rsquo;exp\u00e9dier des marchandises liquides en vrac, nous avons constamment vis\u00e9 l&rsquo;excellence.<\/p><\/header><div class=\"btClear btSeparator bottomSemiSpaced noBorder\" ><hr><\/div><div class=\"btBtn btBtn btnFilled btnAccentColor btnSmall btnNormal btnIco\" ><div class=\"btIco borderless extrasmall\"><a href=\"#\"  data-ico-cs=\"&#xe606;\" class=\"btIcoHolder\"><span>En savoir plus<\/span><\/a><\/div><\/div><div class=\"btBtn btBtn btnOutline btnIconLeftPosition btnLightColor btnSmall btnNormal btnIco\" ><div class=\"btIco borderless extrasmall\"><a href=\"#\"  data-ico-cs=\"&#xe607;\" class=\"btIcoHolder\"><span>Obtenir un devis<\/span><\/a><\/div><\/div><\/div><\/div><\/div><\/div><\/div><\/div><\/section><section id=\"bt_section69e7503b52675\"  class=\"boldSection topSmallSpaced bottomSmallSpaced btDarkSkin gutter inherit\" style=\"background-color:#ff4d4d;\"><div class=\"port\"><div class=\"boldCell\"><div class=\"boldCellInner\"><div class=\"boldRow \" ><div class=\"rowItem col-sm-4 col-ms-12 btTextLeft animate animate-fadein btMiddleVertical\"  ><div class=\"rowItemContent\"><div class=\"btClear btSeparator topExtraSmallSpaced noBorder\" ><hr><\/div><div class=\"servicesItem  mediumIcon colorless borderlessIconType \"><div class=\"sIcon\"><div class=\"btIco medium colorless borderless\"><a href=\"#\"  data-ico-cs=\"&#xe60f;\" class=\"btIcoHolder\"><\/a><\/div><\/div><div class=\"sTxt\"><header class=\"header btClear extrasmall\" ><div class=\"dash\"><h4><span class=\"headline\">ASSISTANCE<\/span><\/h4><\/div><\/header><p>Appelez-nous au +216 52 270 236<br><\/p><\/div><\/div><div class=\"btClear btSeparator topExtraSmallSpaced noBorder\" ><hr><\/div><\/div><\/div><div class=\"rowItem btLeftBorder col-sm-4 col-ms-12 btTextLeft animate animate-fadein btMiddleVertical\"  ><div class=\"rowItemContent\"><div class=\"btClear btSeparator topExtraSmallSpaced noBorder\" ><hr><\/div><div class=\"servicesItem  mediumIcon colorless borderlessIconType \"><div class=\"sIcon\"><div class=\"btIco medium colorless borderless\"><a href=\"#\"  data-ico-cs=\"&#xe610;\" class=\"btIcoHolder\"><\/a><\/div><\/div><div class=\"sTxt\"><header class=\"header btClear extrasmall\" ><div class=\"dash\"><h4><span class=\"headline\">HORAIRES DE TRAVAIL<\/span><\/h4><\/div><\/header><p>Lun-Ven 8h00-17h00 Sam 8h00-13h00 <br><\/p><\/div><\/div><div class=\"btClear btSeparator topExtraSmallSpaced noBorder\" ><hr><\/div><\/div><\/div><div class=\"rowItem btLeftBorder col-sm-4 col-ms-12 btTextLeft animate animate-fadein btMiddleVertical\"  ><div class=\"rowItemContent\"><div class=\"btClear btSeparator topExtraSmallSpaced noBorder\" ><hr><\/div><div class=\"servicesItem  mediumIcon colorless borderlessIconType \"><div class=\"sIcon\"><div class=\"btIco medium colorless borderless\"><span  data-ico-cs=\"&#xe663;\" class=\"btIcoHolder\"><\/span><\/div><\/div><div class=\"sTxt\"><header class=\"header btClear extrasmall\" ><div class=\"dash\"><h4><span class=\"headline\">NOTRE EMPLACEMENT<\/span><\/h4><\/div><\/header><p>Lac 1 \u2013 Immeuble Hannibal Rue Lac Leman \u2013 1053 Tunis<br><\/p><\/div><\/div><div class=\"btClear btSeparator topExtraSmallSpaced noBorder\" ><hr><\/div><\/div><\/div><\/div><\/div><\/div><\/div><\/section><section id=\"bt_section69e7503b52e02\" data-parallax=\"0\" data-parallax-offset=\"0\" class=\"boldSection topSpaced bottomSpaced gutter inherit btParallax\" ><div class=\"port\"><div class=\"boldCell\"><div class=\"boldCellInner\"><div class=\"boldRow \" ><div class=\"rowItem col-sm-6 col-ms-12 btTextLeft animate animate-fadein btHighlight inherit btDoublePadding\"  ><div class=\"rowItemContent\"><div class=\"btClear btSeparator topSemiSpaced noBorder\" ><hr><\/div><div class=\"servicesItem  mediumIcon borderlessIconType po\"><div class=\"sIcon\"><div class=\"btIco medium borderless\"><span  data-ico-cs=\"&#xe630;\" class=\"btIcoHolder\"><\/span><\/div><\/div><div class=\"sTxt\"><header class=\"header btClear extrasmall\" ><div class=\"dash\"><h4><span class=\"headline\">TEMPS D&rsquo;ACTION<\/span><\/h4><\/div><\/header><p>Chez MarsaShip, la ponctualit\u00e9 est une valeur fondamentale. Nous comprenons l&rsquo;importance d&rsquo;horaires fiables et de livraisons en temps voulu. Gr\u00e2ce \u00e0 notre engagement \u00e0 \u00eatre <br><\/p><\/div><\/div><div class=\"btClear btSeparator topSemiSpaced noBorder\" ><hr><\/div><\/div><\/div><div class=\"rowItem col-sm-6 col-ms-12 btTextLeft animate animate-fadein btHighlight inherit btDoublePadding\"  ><div class=\"rowItemContent\"><div class=\"btClear btSeparator topSemiSpaced noBorder\" ><hr><\/div><div class=\"servicesItem  mediumIcon borderlessIconType po\"><div class=\"sIcon\"><div class=\"btIco medium borderless\"><span  data-ico-cs=\"&#xe60a;\" class=\"btIcoHolder\"><\/span><\/div><\/div><div class=\"sTxt\"><header class=\"header btClear extrasmall\" ><div class=\"dash\"><h4><span class=\"headline\">EXP\u00c9DITION<\/span><\/h4><\/div><\/header><p>MarsaShip est sp\u00e9cialis\u00e9 dans les solutions d&rsquo;exp\u00e9dition transparentes et efficaces. Qu&rsquo;il s&rsquo;agisse de conteneurs complets ou d&rsquo;envois plus petits, notre expertise garantit que votre cargaison est achemin\u00e9e sans encombre de l&rsquo;origine \u00e0 la destination. Nous sommes l\u00e0 pour r\u00e9pondre \u00e0 vos besoins en mati\u00e8re d&rsquo;exp\u00e9dition et rendre le commerce mondial plus accessible et sans tracas.<br><\/p><\/div><\/div><div class=\"btClear btSeparator topSemiSpaced noBorder\" ><hr><\/div><\/div><\/div><\/div><div class=\"boldRow \" ><div class=\"rowItem col-md-12 col-ms-12  btTextRight animate animate-fadein animate-moveright inherit\"  ><div class=\"rowItemContent\"><div class=\"btClear btSeparator topSmallSpaced noBorder\" ><hr><\/div><\/div><\/div><\/div><div class=\"boldRow \" ><div class=\"rowItem col-sm-6 col-ms-12 btTextLeft animate animate-fadein btHighlight inherit btDoublePadding\"  ><div class=\"rowItemContent\"><div class=\"btClear btSeparator topSemiSpaced noBorder\" ><hr><\/div><div class=\"servicesItem  mediumIcon borderlessIconType po\"><div class=\"sIcon\"><div class=\"btIco medium borderless\"><span  data-ico-cs=\"&#xe648;\" class=\"btIcoHolder\"><\/span><\/div><\/div><div class=\"sTxt\"><header class=\"header btClear extrasmall\" ><div class=\"dash\"><h4><span class=\"headline\">PROTECTION<\/span><\/h4><\/div><\/header><p>La s\u00e9curit\u00e9 de votre cargaison est notre priorit\u00e9. Avec MarsaShip, vous pouvez avoir l&rsquo;esprit tranquille en sachant que vos exp\u00e9ditions sont sous l&rsquo;\u00e9gide de nos mesures de protection compl\u00e8tes. De l&#8217;emballage s\u00e9curis\u00e9 au suivi et \u00e0 la surveillance, nous mettons tout en \u0153uvre pour prot\u00e9ger vos marchandises de valeur tout au long du processus logistique.<br><\/p><\/div><\/div><div class=\"btClear btSeparator topSemiSpaced noBorder\" ><hr><\/div><\/div><\/div><div class=\"rowItem col-sm-6 col-ms-12 btTextLeft animate animate-fadein btHighlight inherit btDoublePadding\"  ><div class=\"rowItemContent\"><div class=\"btClear btSeparator topSemiSpaced noBorder\" ><hr><\/div><div class=\"servicesItem  mediumIcon borderlessIconType po\"><div class=\"sIcon\"><div class=\"btIco medium borderless\"><span  data-ico-cs=\"&#xe608;\" class=\"btIcoHolder\"><\/span><\/div><\/div><div class=\"sTxt\"><header class=\"header btClear extrasmall\" ><div class=\"dash\"><h4><span class=\"headline\">ASSURANCE M\u00c9T\u00c9OROLOGIQUE<\/span><\/h4><\/div><\/header><p>Les conditions m\u00e9t\u00e9orologiques impr\u00e9visibles peuvent repr\u00e9senter un risque. MarsaShip offre un niveau de s\u00e9curit\u00e9 suppl\u00e9mentaire gr\u00e2ce \u00e0 ses services d&rsquo;assurance contre les intemp\u00e9ries. Nous comprenons que les forces de la nature peuvent \u00eatre impr\u00e9visibles, et nos options d&rsquo;assurance fournissent une couverture pour les d\u00e9fis impr\u00e9vus li\u00e9s \u00e0 la m\u00e9t\u00e9o, garantissant que votre cargaison reste prot\u00e9g\u00e9e et que vos investissements sont s\u00fbrs.<br><\/p><\/div><\/div><div class=\"btClear btSeparator topSemiSpaced noBorder\" ><hr><\/div><\/div><\/div><\/div><\/div><\/div><\/div><\/section><section id=\"bt_section69e7503b53adb\" data-parallax=\"0.1\" data-parallax-offset=\"0\" class=\"boldSection topSpaced bottomSpaced btDarkSkin gutter inherit btParallax wBackground cover\" style=\"background-image:url('https:\/\/marsaship.com\/wp-content\/uploads\/2015\/09\/Blue-background-with-trucks.jpg');\"><div class=\"port\"><div class=\"boldCell\"><div class=\"boldCellInner\"><div class=\"boldRow \" ><div class=\"rowItem col-sm-4 col-ms-12 btTextRight animate animate-fadein animate-moveright btTopVertical btDoublePadding\"  ><div class=\"rowItemContent\"><header class=\"header btClear medium  btAccentDash btRegularTitle\" ><p class=\"btSuperTitle\">CHIFFRES ET DATES<\/p><div class=\"dash\"><h3><span class=\"headline\">FAITS ET CHIFFRES DE BASE<\/span><\/h3><\/div><\/header><\/div><\/div><div class=\"rowItem col-sm-4 col-ms-12 btTextCenter animate animate-fadein inherit\"  ><div class=\"rowItemContent\"><div class=\"btCounterHolder\"><span class=\"btCounter animate\" data-digit-length=\"4\"><span class=\"onedigit p4 d2\" data-digit=\"2\"><span class=\"n0\">0<\/span><span class=\"n1\">1<\/span><span class=\"n2\">2<\/span><\/span><span class=\"onedigit p3 d0\" data-digit=\"0\"><span class=\"n0\">0<\/span><span class=\"n1\">1<\/span><span class=\"n2\">2<\/span><span class=\"n3\">3<\/span><span class=\"n4\">4<\/span><span class=\"n5\">5<\/span><span class=\"n6\">6<\/span><span class=\"n7\">7<\/span><span class=\"n8\">8<\/span><span class=\"n9\">9<\/span><span class=\"n0\">0<\/span><\/span><span class=\"onedigit p2 d0\" data-digit=\"0\"><span class=\"n0\">0<\/span><span class=\"n1\">1<\/span><span class=\"n2\">2<\/span><span class=\"n3\">3<\/span><span class=\"n4\">4<\/span><span class=\"n5\">5<\/span><span class=\"n6\">6<\/span><span class=\"n7\">7<\/span><span class=\"n8\">8<\/span><span class=\"n9\">9<\/span><span class=\"n0\">0<\/span><\/span><span class=\"onedigit p1 d6\" data-digit=\"6\"><span class=\"n0\">0<\/span><span class=\"n1\">1<\/span><span class=\"n2\">2<\/span><span class=\"n3\">3<\/span><span class=\"n4\">4<\/span><span class=\"n5\">5<\/span><span class=\"n6\">6<\/span><\/span><\/span><\/div><div class=\"btClear btSeparator bottomExtraSmallSpaced noBorder\" ><hr><\/div><header class=\"header btClear small  btAccentDash btRegularTitle\" ><p class=\"btSuperTitle\">Marsaship<\/p><p class=\"btSubTitle\">A \u00c9T\u00c9 FOND\u00c9E<\/p><\/header><\/div><\/div><div class=\"rowItem col-sm-4 col-ms-12 btTextCenter animate animate-fadein inherit btDoublePadding\"  ><div class=\"rowItemContent\"><div class=\"btCounterHolder\"><span class=\"btCounter animate\" data-digit-length=\"6\"><span class=\"onedigit p6 d1\" data-digit=\"1\"><span class=\"n0\">0<\/span><span class=\"n1\">1<\/span><\/span><span class=\"onedigit p5 d8\" data-digit=\"8\"><span class=\"n0\">0<\/span><span class=\"n1\">1<\/span><span class=\"n2\">2<\/span><span class=\"n3\">3<\/span><span class=\"n4\">4<\/span><span class=\"n5\">5<\/span><span class=\"n6\">6<\/span><span class=\"n7\">7<\/span><span class=\"n8\">8<\/span><\/span><span class=\"onedigit p4 d \" data-digit=\" \"><span> <\/span><\/span><span class=\"onedigit p3 d0\" data-digit=\"0\"><span class=\"n0\">0<\/span><span class=\"n1\">1<\/span><span class=\"n2\">2<\/span><span class=\"n3\">3<\/span><span class=\"n4\">4<\/span><span class=\"n5\">5<\/span><span class=\"n6\">6<\/span><span class=\"n7\">7<\/span><span class=\"n8\">8<\/span><span class=\"n9\">9<\/span><span class=\"n0\">0<\/span><\/span><span class=\"onedigit p2 d0\" data-digit=\"0\"><span class=\"n0\">0<\/span><span class=\"n1\">1<\/span><span class=\"n2\">2<\/span><span class=\"n3\">3<\/span><span class=\"n4\">4<\/span><span class=\"n5\">5<\/span><span class=\"n6\">6<\/span><span class=\"n7\">7<\/span><span class=\"n8\">8<\/span><span class=\"n9\">9<\/span><span class=\"n0\">0<\/span><\/span><span class=\"onedigit p1 d0\" data-digit=\"0\"><span class=\"n0\">0<\/span><span class=\"n1\">1<\/span><span class=\"n2\">2<\/span><span class=\"n3\">3<\/span><span class=\"n4\">4<\/span><span class=\"n5\">5<\/span><span class=\"n6\">6<\/span><span class=\"n7\">7<\/span><span class=\"n8\">8<\/span><span class=\"n9\">9<\/span><span class=\"n0\">0<\/span><\/span><\/span><\/div><div class=\"btClear btSeparator bottomExtraSmallSpaced noBorder\" ><hr><\/div><header class=\"header btClear small  btAccentDash btRegularTitle\" ><p class=\"btSuperTitle\">TRANSPORT<\/p><p class=\"btSubTitle\">INTERNATIONAL PAR AN<\/p><\/header><\/div><\/div><\/div><div class=\"boldRow \" ><div class=\"rowItem col-md-12 col-ms-12  btTextRight animate animate-fadein animate-moveright inherit\"  ><div class=\"rowItemContent\"><div class=\"btClear btSeparator topSemiSpaced noBorder\" ><hr><\/div><\/div><\/div><\/div><div class=\"boldRow \" ><div class=\"rowItem col-sm-4 col-ms-12 btTextLeft\"  ><div class=\"rowItemContent\"><div class=\"bpgPhoto btTextCenter\"  style=\"position: absolute; transform: translateY(0px);\"><div class=\"btImage\"><img decoding=\"async\" src=\"https:\/\/marsaship.com\/wp-content\/uploads\/2015\/10\/truck_green.png\" alt=\"\"><\/div><\/div><\/div><\/div><div class=\"rowItem col-sm-4 col-ms-12 btTextCenter animate animate-fadein inherit\"  ><div class=\"rowItemContent\"><div class=\"btCounterHolder\"><span class=\"btCounter animate\" data-digit-length=\"3\"><span class=\"onedigit p3 d2\" data-digit=\"2\"><span class=\"n0\">0<\/span><span class=\"n1\">1<\/span><span class=\"n2\">2<\/span><\/span><span class=\"onedigit p2 d0\" data-digit=\"0\"><span class=\"n0\">0<\/span><span class=\"n1\">1<\/span><span class=\"n2\">2<\/span><span class=\"n3\">3<\/span><span class=\"n4\">4<\/span><span class=\"n5\">5<\/span><span class=\"n6\">6<\/span><span class=\"n7\">7<\/span><span class=\"n8\">8<\/span><span class=\"n9\">9<\/span><span class=\"n0\">0<\/span><\/span><span class=\"onedigit p1 d0\" data-digit=\"0\"><span class=\"n0\">0<\/span><span class=\"n1\">1<\/span><span class=\"n2\">2<\/span><span class=\"n3\">3<\/span><span class=\"n4\">4<\/span><span class=\"n5\">5<\/span><span class=\"n6\">6<\/span><span class=\"n7\">7<\/span><span class=\"n8\">8<\/span><span class=\"n9\">9<\/span><span class=\"n0\">0<\/span><\/span><\/span><\/div><div class=\"btClear btSeparator bottomExtraSmallSpaced noBorder\" ><hr><\/div><header class=\"header btClear small  btAccentDash btRegularTitle\" ><p class=\"btSuperTitle\">MILLIONS DE LITRES DE LIQUIDE<\/p><p class=\"btSubTitle\">TRANSPORT\u00c9<\/p><\/header><\/div><\/div><div class=\"rowItem col-sm-4 col-ms-12 btTextCenter animate animate-fadein inherit\"  ><div class=\"rowItemContent\"><div class=\"btCounterHolder\"><span class=\"btCounter animate\" data-digit-length=\"2\"><span class=\"onedigit p2 d9\" data-digit=\"9\"><span class=\"n0\">0<\/span><span class=\"n1\">1<\/span><span class=\"n2\">2<\/span><span class=\"n3\">3<\/span><span class=\"n4\">4<\/span><span class=\"n5\">5<\/span><span class=\"n6\">6<\/span><span class=\"n7\">7<\/span><span class=\"n8\">8<\/span><span class=\"n9\">9<\/span><\/span><span class=\"onedigit p1 d0\" data-digit=\"0\"><span class=\"n0\">0<\/span><span class=\"n1\">1<\/span><span class=\"n2\">2<\/span><span class=\"n3\">3<\/span><span class=\"n4\">4<\/span><span class=\"n5\">5<\/span><span class=\"n6\">6<\/span><span class=\"n7\">7<\/span><span class=\"n8\">8<\/span><span class=\"n9\">9<\/span><span class=\"n0\">0<\/span><\/span><\/span><\/div><div class=\"btClear btSeparator bottomExtraSmallSpaced noBorder\" ><hr><\/div><header class=\"header btClear small  btAccentDash btRegularTitle\" ><p class=\"btSuperTitle\">DESTINATIONS<\/p><p class=\"btSubTitle\">SERVI<\/p><\/header><\/div><\/div><\/div><\/div><\/div><\/div><\/section><section id=\"bt_section69e7503b54fbb\"  class=\"boldSection topSpaced bottomSpaced gutter inherit\" ><div class=\"port\"><div class=\"boldCell\"><div class=\"boldCellInner\"><div class=\"boldRow \" ><div class=\"rowItem col-sm-4 col-ms-12 btTextRight animate animate-fadein inherit btDoublePadding\"  ><div class=\"rowItemContent\"><header class=\"header btClear medium  btAccentDash btRegularTitle\" ><p class=\"btSuperTitle\">FAITS ET CHIFFRES<\/p><div class=\"dash\"><h3><span class=\"headline\">NOS HISTOIRES ET EXP\u00c9RIENCES<\/span><\/h3><\/div><\/header><\/div><\/div><div class=\"rowItem col-sm-4 col-ms-12 btTextLeft animate animate-fadein btTextIndent inherit btDoublePadding\"  ><div class=\"rowItemContent\"><div class=\"btText\"><p style=\"text-align: justify; text-align-last: left;\">Chez Marsaship, nous red\u00e9finissons l&rsquo;essence m\u00eame du transport de marchandises. Si nous sommes fiers d&rsquo;offrir des d\u00e9lais de livraison pr\u00e9visibles, des connexions d&rsquo;exp\u00e9dition efficaces et de veiller \u00e0 ce que vos marchandises soient livr\u00e9es dans des conditions optimales, nous comprenons qu&rsquo;\u00eatre un v\u00e9ritable partenaire dans votre parcours de cha\u00eene d&rsquo;approvisionnement exige plus qu&rsquo;une simple expertise en logistique. Avec un r\u00e9seau mondial qui s&rsquo;\u00e9tend au-del\u00e0 des fronti\u00e8res, Marsaship est votre partenaire de confiance pour soutenir les objectifs de croissance et d&rsquo;expansion de votre entreprise.<\/p>\n<\/div><div class=\"btClear btSeparator bottomExtraSmallSpaced noBorder\" ><hr><\/div><\/div><\/div><div class=\"rowItem col-sm-4 col-ms-12 btTextLeft animate animate-fadein inherit\"  ><div class=\"rowItemContent\"><div class=\"btText\"><p style=\"text-align: justify; text-align-last: left;\">Nous allons au-del\u00e0 de la compr\u00e9hension conventionnelle des services de transport. Chez Marsaship, nous croyons au pouvoir de la connexion humaine, et nous comprenons que le d\u00e9veloppement de relations fortes est la pierre angulaire de partenariats r\u00e9ussis. Notre engagement va au-del\u00e0 des aspects transactionnels de l&rsquo;exp\u00e9dition de fret ; nous donnons la priorit\u00e9 \u00e0 l&rsquo;\u00e9tablissement de liens durables avec nos clients et nos collaborateurs, en veillant \u00e0 ce que vos besoins ne soient pas seulement satisfaits, mais d\u00e9pass\u00e9s.<br \/>\nChoisissez Marsaship comme partenaire d&rsquo;exp\u00e9dition de fret et faites l&rsquo;exp\u00e9rience d&rsquo;un m\u00e9lange harmonieux d&rsquo;excellence logistique et de chaleur d&rsquo;une connexion humaine authentique. Votre r\u00e9ussite est notre mission, et nous sommes l\u00e0 pour naviguer dans le monde de la logistique avec vous \u00e0 chaque \u00e9tape.<\/p>\n<\/div><div class=\"btClear btSeparator topSmallSpaced noBorder\" ><hr><\/div><\/div><\/div><\/div><div class=\"boldRow \" ><div class=\"rowItem col-md-12 col-ms-12  btTextRight animate animate-fadein animate-moveright inherit\"  ><div class=\"rowItemContent\"><div class=\"btClear btSeparator topSmallSpaced noBorder\" ><hr><\/div><\/div><\/div><\/div><\/div><\/div><\/div><\/section><section id=\"bt_section69e7503b55653\"  class=\"boldSection btDivider topSpaced bottomSpaced gutter inherit\" style=\"background-color:#ffffff;\"><div class=\"port\"><div class=\"boldCell\"><div class=\"boldCellInner\"><div class=\"boldRow \" ><div class=\"rowItem col-sm-4 col-ms-12 btTextRight animate animate-fadein btTextIndent inherit btDoublePadding\" style=\"transition-delay: 600ms;\" ><div class=\"rowItemContent\"><div class=\"btClear btSeparator topSmallSpaced noBorder\" ><hr><\/div><header class=\"header btClear medium  btAccentDash btRegularTitle\" ><p class=\"btSuperTitle\">RENCONTREZ-NOUS<\/p><div class=\"dash\"><h3><span class=\"headline\">Notre \u00e9quipe d\u00e9vou\u00e9e<\/span><\/h3><\/div><\/header><\/div><\/div><div class=\"rowItem col-sm-4 col-ms-12 btTextRight animate animate-fadein btHighlight inherit btDoublePadding\" style=\"transition-delay: 300ms;\" ><div class=\"rowItemContent\"><div class=\"btClear btSeparator topSmallSpaced noBorder\" ><hr><\/div><header class=\"header btClear small  btAccentDash btRegularTitle\" style=\"margin-bottom: 9px;\"><p class=\"btSuperTitle\">NOUS RECRUTONS, CLIQUEZ ICI POUR POSTULER<\/p><\/header><div class=\"btBtn btBtn btnFilled btnIconLeftPosition btnAccentColor btnSmall btnNormal\" ><a href=\"https:\/\/marsaship.com\/contact-marsaship\/\">ENVOYER VOTRE CV<\/a><\/div><div class=\"btClear btSeparator topSmallSpaced noBorder\" ><hr><\/div><\/div><\/div><div class=\"rowItem col-sm-4 col-ms-12 btTextRight animate animate-fadein btHighlight inherit btDoublePadding\" style=\"transition-delay: 0;\" ><div class=\"rowItemContent\"><div class=\"btClear btSeparator topSmallSpaced noBorder\" ><hr><\/div><header class=\"header btClear small  btAccentDash btRegularTitle\" ><p class=\"btSuperTitle\">SUIVEZ-NOUS SUR LES R\u00c9SEAUX SOCIAUX<\/p><\/header><div class=\"btIconImageRow\" ><div class=\"btIco default extrasmall\"><a href=\"https:\/\/www.linkedin.com\/company\/marsaship\"  target=\"no_target\"  data-ico-fa=\"&#xf0e1;\" class=\"btIcoHolder\"><\/a><\/div><\/div><div class=\"btClear btSeparator topSmallSpaced noBorder\" ><hr><\/div><\/div><\/div><\/div><div class=\"boldRow \" ><div class=\"rowItem col-md-12 col-ms-12  btTextCenter inherit\"  ><div class=\"rowItemContent\"><div class=\"btClear btSeparator topSemiSpaced noBorder\" ><hr><\/div><\/div><\/div><\/div><div class=\"boldRow \" ><div class=\"rowItem col-sm-4 col-ms-12 btTextLeft animate animate-fadein btTextIndent btHighlight inherit\" style=\"transition-delay: 0;\" ><div class=\"rowItemContent\"><div class=\"bpgPhoto btTextCenter\" ><div class=\"btImage\"><img decoding=\"async\" src=\"https:\/\/marsaship.com\/wp-content\/uploads\/2023\/11\/wassim.jpg\" alt=\"\"><\/div><\/div><div class=\"btClear btSeparator topSmallSpaced noBorder\" ><hr><\/div><header class=\"header btClear small btDash bottomDash  btAccentDash btRegularTitle\" ><div class=\"dash\"><h4><span class=\"headline\">Wassim Boussetta<\/span><\/h4><\/div><p class=\"btSubTitle\">Directeur des ventes, MarsaShip<\/p><\/header><div class=\"btClear btSeparator topSmallSpaced noBorder\" ><hr><\/div><div class=\"btIconImageRow\" ><div class=\"btIco default extrasmall\"><a href=\"https:\/\/www.linkedin.com\/in\/wassim-boussetta-2106b0b8\/\"  target=\"no_target\"  data-ico-fa=\"&#xf0e1;\" class=\"btIcoHolder\"><\/a><\/div><\/div><div class=\"btClear btSeparator topSmallSpaced noBorder\" ><hr><\/div><\/div><\/div><div class=\"rowItem col-sm-4 col-ms-12 btTextLeft animate animate-fadein btTextIndent btHighlight inherit\" style=\"transition-delay: 300ms;\" ><div class=\"rowItemContent\"><div class=\"bpgPhoto btTextCenter\" ><div class=\"btImage\"><img decoding=\"async\" src=\"https:\/\/marsaship.com\/wp-content\/uploads\/2023\/11\/www.jpg\" alt=\"\"><\/div><\/div><div class=\"btClear btSeparator topSmallSpaced noBorder\" ><hr><\/div><header class=\"header btClear small btDash bottomDash  btAccentDash btRegularTitle\" ><div class=\"dash\"><h4><span class=\"headline\">Elyes Boussetta<\/span><\/h4><\/div><p class=\"btSubTitle\">CEO et directeur g\u00e9n\u00e9ral, Marsaship<\/p><\/header><div class=\"btClear btSeparator topSmallSpaced noBorder\" ><hr><\/div><div class=\"btIconImageRow\" ><div class=\"btIco default extrasmall\"><a href=\"https:\/\/www.linkedin.com\/in\/elyes-boussetta-306493103\/\"  target=\"no_target\"  data-ico-fa=\"&#xf0e1;\" class=\"btIcoHolder\"><\/a><\/div><\/div><div class=\"btClear btSeparator topSmallSpaced noBorder\" ><hr><\/div><\/div><\/div><div class=\"rowItem col-sm-4 col-ms-12 btTextLeft animate animate-fadein btTextIndent btHighlight inherit\" style=\"transition-delay: 900ms;\" ><div class=\"rowItemContent\"><div class=\"bpgPhoto btTextCenter\" ><div class=\"btImage\"><img decoding=\"async\" src=\"https:\/\/marsaship.com\/wp-content\/uploads\/2023\/11\/taoufik-marsaship.jpg\" alt=\"\"><\/div><\/div><div class=\"btClear btSeparator topSmallSpaced noBorder\" ><hr><\/div><header class=\"header btClear small btDash bottomDash  btDarkAccentDash btRegularTitle\" ><div class=\"dash\"><h4><span class=\"headline\">Taoufik Bounatirou<\/span><\/h4><\/div><p class=\"btSubTitle\">Conseiller g\u00e9n\u00e9ral<\/p><\/header><div class=\"btClear btSeparator topSmallSpaced noBorder\" ><hr><\/div><div class=\"btIconImageRow\" ><div class=\"btIco default extrasmall\"><a href=\"#\"  target=\"no_target\"  data-ico-fa=\"&#xf0e1;\" class=\"btIcoHolder\"><\/a><\/div><\/div><div class=\"btClear btSeparator topSmallSpaced noBorder\" ><hr><\/div><\/div><\/div><\/div><\/div><\/div><\/div><\/section><\/div>","protected":false},"excerpt":{"rendered":"","protected":false},"author":1,"featured_media":0,"parent":0,"menu_order":0,"comment_status":"closed","ping_status":"closed","template":"","meta":{"footnotes":""},"class_list":["post-2707","page","type-page","status-publish","hentry"],"_links":{"self":[{"href":"https:\/\/marsaship.com\/fr\/wp-json\/wp\/v2\/pages\/2707","targetHints":{"allow":["GET"]}}],"collection":[{"href":"https:\/\/marsaship.com\/fr\/wp-json\/wp\/v2\/pages"}],"about":[{"href":"https:\/\/marsaship.com\/fr\/wp-json\/wp\/v2\/types\/page"}],"author":[{"embeddable":true,"href":"https:\/\/marsaship.com\/fr\/wp-json\/wp\/v2\/users\/1"}],"replies":[{"embeddable":true,"href":"https:\/\/marsaship.com\/fr\/wp-json\/wp\/v2\/comments?post=2707"}],"version-history":[{"count":21,"href":"https:\/\/marsaship.com\/fr\/wp-json\/wp\/v2\/pages\/2707\/revisions"}],"predecessor-version":[{"id":2816,"href":"https:\/\/marsaship.com\/fr\/wp-json\/wp\/v2\/pages\/2707\/revisions\/2816"}],"wp:attachment":[{"href":"https:\/\/marsaship.com\/fr\/wp-json\/wp\/v2\/media?parent=2707"}],"curies":[{"name":"wp","href":"https:\/\/api.w.org\/{rel}","templated":true}]}}