{"id":2728,"date":"2015-09-18T11:44:58","date_gmt":"2015-09-18T11:44:58","guid":{"rendered":"https:\/\/marsaship.com\/nos-realisations\/"},"modified":"2023-12-20T15:18:55","modified_gmt":"2023-12-20T15:18:55","slug":"nos-realisations","status":"publish","type":"page","link":"https:\/\/marsaship.com\/fr\/nos-realisations\/","title":{"rendered":"Nos r\u00e9alisations"},"content":{"rendered":"<div class=\"bt_rc_container\"><section id=\"bt_section69e7509618239\"  class=\"boldSection topExtraSpaced bottomMoreSpaced btDarkSkin gutter btMiddleVertical wBackground cover\" style=\"background-image:url('https:\/\/marsaship.com\/wp-content\/uploads\/2023\/10\/bgcompany-2.jpg');\"><div class=\"port\"><div class=\"boldCell\"><div class=\"boldCellInner\"><div class=\"boldRow \" ><div class=\"rowItem col-sm-6 col-ms-12 btTextLeft inherit\"  ><div class=\"rowItemContent\"><header class=\"header btClear extralarge btDash bottomDash  btAccentDash btRegularTitle\" style=\"max-width: 800px;\"><p class=\"btSuperTitle\">Nos statistiques<\/p><div class=\"dash\"><h1><span class=\"headline\">Marsaship<\/span><\/h1><\/div><p class=\"btSubTitle\">Depuis 2008, Marsaship est un mod\u00e8le d&rsquo;innovation et de service dans le secteur du transport maritime par Flexitank, avec une croissance remarquable et une r\u00e9putation d&rsquo;excellence \u00e0 l&rsquo;\u00e9chelle internationale. Gr\u00e2ce \u00e0 nos capacit\u00e9s logistiques sophistiqu\u00e9es, nous offrons des solutions compl\u00e8tes de transport maritime, reliant tout producteur d&rsquo;huile d&rsquo;olive aux march\u00e9s qui en font la demande dans le monde entier. Notre esprit pionnier s&rsquo;est manifest\u00e9 pour la premi\u00e8re fois en \u00e9tant la premi\u00e8re soci\u00e9t\u00e9 \u00e0 faciliter les exp\u00e9ditions d&rsquo;huile d&rsquo;olive de la Tunisie vers les \u00c9tats-Unis. En 2023, Marsaship domine l&rsquo;industrie avec une part de march\u00e9 significative de 65% dans le transport d&rsquo;huile d&rsquo;olive de Tunisie vers les \u00c9tats-Unis, et notre expertise ne s&rsquo;arr\u00eate pas l\u00e0. Nous sommes \u00e9galement \u00e0 la pointe du commerce entre la Tunisie, le Moyen-Orient et l&rsquo;Afrique du Nord, renfor\u00e7ant ainsi notre r\u00f4le strat\u00e9gique dans ces r\u00e9gions cl\u00e9s. Le fait que nous soyons r\u00e9cemment devenus un agent DHL Ocean Bulk t\u00e9moigne de notre capacit\u00e9 \u00e0 g\u00e9rer des exp\u00e9ditions complexes et \u00e0 grande \u00e9chelle, garantissant ainsi que tout producteur peut atteindre le march\u00e9 souhait\u00e9 de mani\u00e8re efficace et fiable. Marsaship continue d&rsquo;aller de l&rsquo;avant, comblant le foss\u00e9 entre l&rsquo;offre et la demande gr\u00e2ce \u00e0 notre h\u00e9ritage de confiance, \u00e0 notre engagement en faveur de l&rsquo;excellence op\u00e9rationnelle et \u00e0 notre vision d&rsquo;un commerce sans faille et sans fronti\u00e8res.<\/p><\/header><div class=\"btClear btSeparator bottomSemiSpaced noBorder\" ><hr><\/div><div class=\"btBtn btBtn btnFilled btnIconLeftPosition btnAccentColor btnSmall btnNormal btnIco\" ><div class=\"btIco borderless extrasmall\"><a href=\"#\"  data-ico-cs=\"&#xe606;\" class=\"btIcoHolder\"><span>En savoir plus<\/span><\/a><\/div><\/div><div class=\"btBtn btBtn btnOutline btnIconLeftPosition btnLightColor btnSmall btnNormal btnIco\" ><div class=\"btIco borderless extrasmall\"><a href=\"#\"  data-ico-cs=\"&#xe607;\" class=\"btIcoHolder\"><span>Obtenir un devis<\/span><\/a><\/div><\/div><\/div><\/div><div class=\"rowItem col-sm-6 col-ms-12 btTextLeft btMiddleVertical\"  ><div class=\"rowItemContent\"><div class=\"bpgPhoto btTextCenter\" ><div class=\"btImage\"><img decoding=\"async\" src=\"https:\/\/marsaship.com\/wp-content\/uploads\/2023\/12\/statmarsa.jpg\" alt=\"\"><\/div><\/div><\/div><\/div><\/div><\/div><\/div><\/div><\/section><\/div>","protected":false},"excerpt":{"rendered":"","protected":false},"author":2,"featured_media":0,"parent":0,"menu_order":0,"comment_status":"closed","ping_status":"closed","template":"","meta":{"footnotes":""},"class_list":["post-2728","page","type-page","status-publish","hentry"],"_links":{"self":[{"href":"https:\/\/marsaship.com\/fr\/wp-json\/wp\/v2\/pages\/2728","targetHints":{"allow":["GET"]}}],"collection":[{"href":"https:\/\/marsaship.com\/fr\/wp-json\/wp\/v2\/pages"}],"about":[{"href":"https:\/\/marsaship.com\/fr\/wp-json\/wp\/v2\/types\/page"}],"author":[{"embeddable":true,"href":"https:\/\/marsaship.com\/fr\/wp-json\/wp\/v2\/users\/2"}],"replies":[{"embeddable":true,"href":"https:\/\/marsaship.com\/fr\/wp-json\/wp\/v2\/comments?post=2728"}],"version-history":[{"count":1,"href":"https:\/\/marsaship.com\/fr\/wp-json\/wp\/v2\/pages\/2728\/revisions"}],"predecessor-version":[{"id":2729,"href":"https:\/\/marsaship.com\/fr\/wp-json\/wp\/v2\/pages\/2728\/revisions\/2729"}],"wp:attachment":[{"href":"https:\/\/marsaship.com\/fr\/wp-json\/wp\/v2\/media?parent=2728"}],"curies":[{"name":"wp","href":"https:\/\/api.w.org\/{rel}","templated":true}]}}