{"id":2730,"date":"2015-09-18T11:45:35","date_gmt":"2015-09-18T11:45:35","guid":{"rendered":"https:\/\/marsaship.com\/contact\/"},"modified":"2023-12-24T09:09:04","modified_gmt":"2023-12-24T09:09:04","slug":"contact","status":"publish","type":"page","link":"https:\/\/marsaship.com\/fr\/contact\/","title":{"rendered":"Contact"},"content":{"rendered":"<div class=\"bt_rc_container\"><section id=\"bt_section69e74c7792bb3\" data-parallax=\"0.1\" data-parallax-offset=\"-50\" class=\"boldSection topExtraSpaced bottomMoreSpaced btDarkSkin gutter btMiddleVertical btParallax wBackground cover\" style=\"background-image:url('https:\/\/marsaship.com\/wp-content\/uploads\/2023\/10\/bgcompany-2.jpg');\"><div class=\"port\"><div class=\"boldCell\"><div class=\"boldCellInner\"><div class=\"boldRow \" ><div class=\"rowItem col-md-12 col-ms-12  btTextLeft animate animate-fadein animate-moveleft inherit\"  ><div class=\"rowItemContent\"><header class=\"header btClear extralarge btDash bottomDash  btAccentDash btRegularTitle\" style=\"max-width: 800px;\"><p class=\"btSuperTitle\">Marsaship est l\u00e0 pour vous aider.<\/p><div class=\"dash\"><h1><span class=\"headline\">contacts Us<\/span><\/h1><\/div><p class=\"btSubTitle\">Vous avez une question, un commentaire ou besoin d&rsquo;aide ? Marsaship est toujours pr\u00eat \u00e0 vous aider. N&rsquo;h\u00e9sitez pas \u00e0 nous contacter en utilisant les coordonn\u00e9es fournies ci-dessous, et nous vous r\u00e9pondrons d\u00e8s que possible. Vos commentaires et vos demandes sont importants pour nous, et nous nous r\u00e9jouissons de pouvoir vous servir.<\/p><\/header><div class=\"btClear btSeparator bottomSemiSpaced noBorder\" ><hr><\/div><\/div><\/div><\/div><\/div><\/div><\/div><\/section><section id=\"bt_section69e74c779335b\"  class=\"boldSection btDivider btLightSkin inherit\" ><div class=\"port\"><div class=\"boldCell\"><div class=\"boldCellInner\"><div class=\"boldRow \" ><div class=\"rowItem col-md-12 col-ms-12  btTextCenter inherit btNoPadding\"  ><div class=\"rowItemContent\">\r\n\t\t<div class=\"btGoogleMapsWrapper\"><div id=\"map_canvas69e74c779386a\" style=\"height:500px;;\" class=\"btGoogleMap\"><\/div><div class=\"btGoogleMapsContent\"><div class=\"btClear btSeparator bottomSemiSpaced noBorder\" ><hr><\/div><div class=\"servicesItem  mediumIcon borderlessIconType \"><div class=\"sIcon\"><div class=\"btIco medium borderless\"><span  data-ico-s7=\"&#xe638;\" class=\"btIcoHolder\"><\/span><\/div><\/div><div class=\"sTxt\"><header class=\"header btClear extrasmall\" ><div class=\"dash\"><h4><span class=\"headline\">NOTRE EMPLACEMENT<\/span><\/h4><\/div><\/header><p>Lac 1 \u2013 Immeuble Hannibal Rue Lac Leman \u2013 1053 Tunis<br><\/p><\/div><\/div><div class=\"btClear btSeparator bottomSmallSpaced noBorder\" ><hr><\/div><div class=\"servicesItem  mediumIcon borderlessIconType \"><div class=\"sIcon\"><div class=\"btIco medium borderless\"><a href=\"mailto:info@marsaship.com\"  data-ico-s7=\"&#xe63b;\" class=\"btIcoHolder\"><\/a><\/div><\/div><div class=\"sTxt\"><header class=\"header btClear extrasmall\" ><div class=\"dash\"><h4><span class=\"headline\">CONTACTEZ-NOUS<\/span><\/h4><\/div><\/header><p>info@marsaship.com office@marsaship.com<br><\/p><\/div><\/div><\/div><\/div>\r\n\t\t<script type=\"text\/javascript\">\r\n\t\t\tjQuery( document ).ready(function() {\r\n\t\t\t\tbt_gmap_init( map_canvas69e74c779386a, 36.840574353902156, 10.243897507641327, 13, \"https:\/\/marsaship.com\/wp-content\/uploads\/2015\/09\/pin-blue.png\", \"#1e73be\", \"#4d6b7c\", \"#f1f1f1\", \"W3siZmVhdHVyZVR5cGUiOiJhZG1pbmlzdHJhdGl2ZSIsImVsZW1lbnRUeXBlIjoiYWxsIiwic3R5bGVycyI6W3sidmlzaWJpbGl0eSI6Im9uIn0seyJsaWdodG5lc3MiOjMzfV19LHsiZmVhdHVyZVR5cGUiOiJhZG1pbmlzdHJhdGl2ZSIsImVsZW1lbnRUeXBlIjoibGFiZWxzIiwic3R5bGVycyI6W3sic2F0dXJhdGlvbiI6Ii0xMDAifV19LHsiZmVhdHVyZVR5cGUiOiJhZG1pbmlzdHJhdGl2ZSIsImVsZW1lbnRUeXBlIjoibGFiZWxzLnRleHQiLCJzdHlsZXJzIjpbeyJnYW1tYSI6IjAuNzUifV19LHsiZmVhdHVyZVR5cGUiOiJhZG1pbmlzdHJhdGl2ZS5uZWlnaGJvcmhvb2QiLCJlbGVtZW50VHlwZSI6ImxhYmVscy50ZXh0LmZpbGwiLCJzdHlsZXJzIjpbeyJsaWdodG5lc3MiOiItMzcifV19LHsiZmVhdHVyZVR5cGUiOiJsYW5kc2NhcGUiLCJlbGVtZW50VHlwZSI6Imdlb21ldHJ5Iiwic3R5bGVycyI6W3siY29sb3IiOiIjZjlmOWY5In1dfSx7ImZlYXR1cmVUeXBlIjoibGFuZHNjYXBlLm1hbl9tYWRlIiwiZWxlbWVudFR5cGUiOiJnZW9tZXRyeSIsInN0eWxlcnMiOlt7InNhdHVyYXRpb24iOiItMTAwIn0seyJsaWdodG5lc3MiOiI0MCJ9LHsidmlzaWJpbGl0eSI6Im9mZiJ9XX0seyJmZWF0dXJlVHlwZSI6ImxhbmRzY2FwZS5uYXR1cmFsIiwiZWxlbWVudFR5cGUiOiJsYWJlbHMudGV4dC5maWxsIiwic3R5bGVycyI6W3sic2F0dXJhdGlvbiI6Ii0xMDAifSx7ImxpZ2h0bmVzcyI6Ii0zNyJ9XX0seyJmZWF0dXJlVHlwZSI6ImxhbmRzY2FwZS5uYXR1cmFsIiwiZWxlbWVudFR5cGUiOiJsYWJlbHMudGV4dC5zdHJva2UiLCJzdHlsZXJzIjpbeyJzYXR1cmF0aW9uIjoiLTEwMCJ9LHsibGlnaHRuZXNzIjoiMTAwIn0seyJ3ZWlnaHQiOiIyIn1dfSx7ImZlYXR1cmVUeXBlIjoibGFuZHNjYXBlLm5hdHVyYWwiLCJlbGVtZW50VHlwZSI6ImxhYmVscy5pY29uIiwic3R5bGVycyI6W3sic2F0dXJhdGlvbiI6Ii0xMDAifV19LHsiZmVhdHVyZVR5cGUiOiJwb2kiLCJlbGVtZW50VHlwZSI6Imdlb21ldHJ5Iiwic3R5bGVycyI6W3sic2F0dXJhdGlvbiI6Ii0xMDAifSx7ImxpZ2h0bmVzcyI6IjgwIn1dfSx7ImZlYXR1cmVUeXBlIjoicG9pIiwiZWxlbWVudFR5cGUiOiJsYWJlbHMiLCJzdHlsZXJzIjpbeyJzYXR1cmF0aW9uIjoiLTEwMCJ9LHsibGlnaHRuZXNzIjoiMCJ9XX0seyJmZWF0dXJlVHlwZSI6InBvaS5hdHRyYWN0aW9uIiwiZWxlbWVudFR5cGUiOiJnZW9tZXRyeSIsInN0eWxlcnMiOlt7ImxpZ2h0bmVzcyI6Ii00In0seyJzYXR1cmF0aW9uIjoiLTEwMCJ9XX0seyJmZWF0dXJlVHlwZSI6InBvaS5wYXJrIiwiZWxlbWVudFR5cGUiOiJnZW9tZXRyeSIsInN0eWxlcnMiOlt7ImNvbG9yIjoiI2M1ZGFjNiJ9LHsidmlzaWJpbGl0eSI6Im9uIn0seyJzYXR1cmF0aW9uIjoiLTk1In0seyJsaWdodG5lc3MiOiI2MiJ9XX0seyJmZWF0dXJlVHlwZSI6InBvaS5wYXJrIiwiZWxlbWVudFR5cGUiOiJsYWJlbHMiLCJzdHlsZXJzIjpbeyJ2aXNpYmlsaXR5Ijoib24ifSx7ImxpZ2h0bmVzcyI6MjB9XX0seyJmZWF0dXJlVHlwZSI6InJvYWQiLCJlbGVtZW50VHlwZSI6ImFsbCIsInN0eWxlcnMiOlt7ImxpZ2h0bmVzcyI6MjB9XX0seyJmZWF0dXJlVHlwZSI6InJvYWQiLCJlbGVtZW50VHlwZSI6ImxhYmVscyIsInN0eWxlcnMiOlt7InNhdHVyYXRpb24iOiItMTAwIn0seyJnYW1tYSI6IjEuMDAifV19LHsiZmVhdHVyZVR5cGUiOiJyb2FkIiwiZWxlbWVudFR5cGUiOiJsYWJlbHMudGV4dCIsInN0eWxlcnMiOlt7ImdhbW1hIjoiMC41MCJ9XX0seyJmZWF0dXJlVHlwZSI6InJvYWQiLCJlbGVtZW50VHlwZSI6ImxhYmVscy5pY29uIiwic3R5bGVycyI6W3sic2F0dXJhdGlvbiI6Ii0xMDAifSx7ImdhbW1hIjoiMC41MCJ9XX0seyJmZWF0dXJlVHlwZSI6InJvYWQuaGlnaHdheSIsImVsZW1lbnRUeXBlIjoiZ2VvbWV0cnkiLCJzdHlsZXJzIjpbeyJjb2xvciI6IiNjNWM2YzYifSx7InNhdHVyYXRpb24iOiItMTAwIn1dfSx7ImZlYXR1cmVUeXBlIjoicm9hZC5oaWdod2F5IiwiZWxlbWVudFR5cGUiOiJnZW9tZXRyeS5zdHJva2UiLCJzdHlsZXJzIjpbeyJsaWdodG5lc3MiOiItMTMifV19LHsiZmVhdHVyZVR5cGUiOiJyb2FkLmhpZ2h3YXkiLCJlbGVtZW50VHlwZSI6ImxhYmVscy5pY29uIiwic3R5bGVycyI6W3sibGlnaHRuZXNzIjoiMCJ9LHsiZ2FtbWEiOiIxLjA5In1dfSx7ImZlYXR1cmVUeXBlIjoicm9hZC5hcnRlcmlhbCIsImVsZW1lbnRUeXBlIjoiZ2VvbWV0cnkiLCJzdHlsZXJzIjpbeyJjb2xvciI6IiNlNGQ3YzYifSx7InNhdHVyYXRpb24iOiItMTAwIn0seyJsaWdodG5lc3MiOiI0NyJ9XX0seyJmZWF0dXJlVHlwZSI6InJvYWQuYXJ0ZXJpYWwiLCJlbGVtZW50VHlwZSI6Imdlb21ldHJ5LnN0cm9rZSIsInN0eWxlcnMiOlt7ImxpZ2h0bmVzcyI6Ii0xMiJ9XX0seyJmZWF0dXJlVHlwZSI6InJvYWQuYXJ0ZXJpYWwiLCJlbGVtZW50VHlwZSI6ImxhYmVscy5pY29uIiwic3R5bGVycyI6W3sic2F0dXJhdGlvbiI6Ii0xMDAifV19LHsiZmVhdHVyZVR5cGUiOiJyb2FkLmxvY2FsIiwiZWxlbWVudFR5cGUiOiJnZW9tZXRyeSIsInN0eWxlcnMiOlt7ImNvbG9yIjoiI2ZiZmFmNyJ9LHsibGlnaHRuZXNzIjoiNzcifV19LHsiZmVhdHVyZVR5cGUiOiJyb2FkLmxvY2FsIiwiZWxlbWVudFR5cGUiOiJnZW9tZXRyeS5maWxsIiwic3R5bGVycyI6W3sibGlnaHRuZXNzIjoiLTUifSx7InNhdHVyYXRpb24iOiItMTAwIn1dfSx7ImZlYXR1cmVUeXBlIjoicm9hZC5sb2NhbCIsImVsZW1lbnRUeXBlIjoiZ2VvbWV0cnkuc3Ryb2tlIiwic3R5bGVycyI6W3sic2F0dXJhdGlvbiI6Ii0xMDAifSx7ImxpZ2h0bmVzcyI6Ii0xNSJ9XX0seyJmZWF0dXJlVHlwZSI6InRyYW5zaXQuc3RhdGlvbi5haXJwb3J0IiwiZWxlbWVudFR5cGUiOiJnZW9tZXRyeSIsInN0eWxlcnMiOlt7ImxpZ2h0bmVzcyI6IjQ3In0seyJzYXR1cmF0aW9uIjoiLTEwMCJ9XX0seyJmZWF0dXJlVHlwZSI6IndhdGVyIiwiZWxlbWVudFR5cGUiOiJhbGwiLCJzdHlsZXJzIjpbeyJ2aXNpYmlsaXR5Ijoib24ifSx7ImNvbG9yIjoiI2FjYmNjOSJ9XX0seyJmZWF0dXJlVHlwZSI6IndhdGVyIiwiZWxlbWVudFR5cGUiOiJnZW9tZXRyeSIsInN0eWxlcnMiOlt7InNhdHVyYXRpb24iOiI1MyJ9XX0seyJmZWF0dXJlVHlwZSI6IndhdGVyIiwiZWxlbWVudFR5cGUiOiJsYWJlbHMudGV4dC5maWxsIiwic3R5bGVycyI6W3sibGlnaHRuZXNzIjoiLTQyIn0seyJzYXR1cmF0aW9uIjoiMTcifV19LHsiZmVhdHVyZVR5cGUiOiJ3YXRlciIsImVsZW1lbnRUeXBlIjoibGFiZWxzLnRleHQuc3Ryb2tlIiwic3R5bGVycyI6W3sibGlnaHRuZXNzIjoiNjEifV19XQ==\" );\r\n\t\t\t\t});\t\r\n\t\t<\/script>\r\n\t\t<\/div><\/div><\/div><\/div><\/div><\/div><\/section><section id=\"bt_section69e74c7793d17\"  class=\"boldSection topSpaced bottomSpaced btLightSkin gutter inherit\" ><div class=\"port\"><div class=\"boldCell\"><div class=\"boldCellInner\"><div class=\"boldRow \" ><div class=\"rowItem col-sm-6 col-ms-12 btTextRight inherit btDoublePadding\"  ><div class=\"rowItemContent\"><header class=\"header btClear medium  btAccentDash btRegularTitle\" ><p class=\"btSuperTitle\">BIENVENUE<\/p><div class=\"dash\"><h3><span class=\"headline\">Contactez-nous \u00e0 tout moment si vous avez besoin de nos services<\/span><\/h3><\/div><\/header><\/div><\/div><div class=\"rowItem col-sm-6 col-ms-12 btTextLeft inherit btNoPadding\"  ><div class=\"rowItemContent\"><div class=\"btText\"><div class=\"wpcf7 no-js\" id=\"wpcf7-f2797-o1\" lang=\"en-US\" dir=\"ltr\">\n<div class=\"screen-reader-response\">\n<p role=\"status\" aria-live=\"polite\" aria-atomic=\"true\">\n<ul><\/ul>\n<\/div>\n<form action=\"\/fr\/wp-json\/wp\/v2\/pages\/2730#wpcf7-f2797-o1\" method=\"post\" class=\"wpcf7-form init\" aria-label=\"Contact form\" novalidate=\"novalidate\" data-status=\"init\">\n<div style=\"display: none;\">\n<input type=\"hidden\" name=\"_wpcf7\" value=\"2797\" \/><br \/>\n<input type=\"hidden\" name=\"_wpcf7_version\" value=\"5.8.5\" \/><br \/>\n<input type=\"hidden\" name=\"_wpcf7_locale\" value=\"en_US\" \/><br \/>\n<input type=\"hidden\" name=\"_wpcf7_unit_tag\" value=\"wpcf7-f2797-o1\" \/><br \/>\n<input type=\"hidden\" name=\"_wpcf7_container_post\" value=\"0\" \/><br \/>\n<input type=\"hidden\" name=\"_wpcf7_posted_data_hash\" value=\"\" \/>\n<\/div>\n<p><label> Nom &#038; Pr\u00e9nom<br \/>\n<span class=\"wpcf7-form-control-wrap\" data-name=\"your-name\"><input size=\"40\" class=\"wpcf7-form-control wpcf7-text wpcf7-validates-as-required\" autocomplete=\"name\" aria-required=\"true\" aria-invalid=\"false\" value=\"\" type=\"text\" name=\"your-name\" \/><\/span> <\/label>\n<\/p>\n<p><label> Email<br \/>\n<span class=\"wpcf7-form-control-wrap\" data-name=\"your-email\"><input size=\"40\" class=\"wpcf7-form-control wpcf7-email wpcf7-validates-as-required wpcf7-text wpcf7-validates-as-email\" autocomplete=\"email\" aria-required=\"true\" aria-invalid=\"false\" value=\"\" type=\"email\" name=\"your-email\" \/><\/span> <\/label>\n<\/p>\n<p><label> Sujet<br \/>\n<span class=\"wpcf7-form-control-wrap\" data-name=\"your-subject\"><input size=\"40\" class=\"wpcf7-form-control wpcf7-text wpcf7-validates-as-required\" aria-required=\"true\" aria-invalid=\"false\" value=\"\" type=\"text\" name=\"your-subject\" \/><\/span> <\/label>\n<\/p>\n<p><label> Tapez votre message<br \/>\n<span class=\"wpcf7-form-control-wrap\" data-name=\"your-message\"><textarea cols=\"40\" rows=\"10\" class=\"wpcf7-form-control wpcf7-textarea\" aria-invalid=\"false\" name=\"your-message\"><\/textarea><\/span> <\/label>\n<\/p>\n<p><input class=\"wpcf7-form-control wpcf7-submit has-spinner\" type=\"submit\" value=\"Envoyer\" \/>\n<\/p>\n<div class=\"wpcf7-response-output\" aria-hidden=\"true\"><\/div>\n<\/form>\n<\/div>\n<\/div><\/div><\/div><\/div><\/div><\/div><\/div><\/section><\/div>","protected":false},"excerpt":{"rendered":"","protected":false},"author":2,"featured_media":0,"parent":0,"menu_order":0,"comment_status":"closed","ping_status":"closed","template":"","meta":{"footnotes":""},"class_list":["post-2730","page","type-page","status-publish","hentry"],"_links":{"self":[{"href":"https:\/\/marsaship.com\/fr\/wp-json\/wp\/v2\/pages\/2730","targetHints":{"allow":["GET"]}}],"collection":[{"href":"https:\/\/marsaship.com\/fr\/wp-json\/wp\/v2\/pages"}],"about":[{"href":"https:\/\/marsaship.com\/fr\/wp-json\/wp\/v2\/types\/page"}],"author":[{"embeddable":true,"href":"https:\/\/marsaship.com\/fr\/wp-json\/wp\/v2\/users\/2"}],"replies":[{"embeddable":true,"href":"https:\/\/marsaship.com\/fr\/wp-json\/wp\/v2\/comments?post=2730"}],"version-history":[{"count":5,"href":"https:\/\/marsaship.com\/fr\/wp-json\/wp\/v2\/pages\/2730\/revisions"}],"predecessor-version":[{"id":2798,"href":"https:\/\/marsaship.com\/fr\/wp-json\/wp\/v2\/pages\/2730\/revisions\/2798"}],"wp:attachment":[{"href":"https:\/\/marsaship.com\/fr\/wp-json\/wp\/v2\/media?parent=2730"}],"curies":[{"name":"wp","href":"https:\/\/api.w.org\/{rel}","templated":true}]}}