{"id":2735,"date":"2015-09-18T11:50:37","date_gmt":"2015-09-18T11:50:37","guid":{"rendered":"https:\/\/marsaship.com\/flexitanks\/"},"modified":"2023-12-21T09:23:10","modified_gmt":"2023-12-21T09:23:10","slug":"flexitanks","status":"publish","type":"page","link":"https:\/\/marsaship.com\/fr\/flexitanks\/","title":{"rendered":"Flexitanks"},"content":{"rendered":"<div class=\"bt_rc_container\"><section id=\"bt_section69e74adbd4d33\"  class=\"boldSection topExtraSpaced bottomMoreSpaced btDarkSkin gutter btMiddleVertical wBackground cover\" style=\"background-image:url('https:\/\/marsaship.com\/wp-content\/uploads\/2023\/10\/bg-service-1.jpg');\"><div class=\"port\"><div class=\"boldCell\"><div class=\"boldCellInner\"><div class=\"boldRow \" ><div class=\"rowItem col-md-12 col-ms-12  btTextLeft inherit\"  ><div class=\"rowItemContent\"><header class=\"header btClear extralarge btDash bottomDash  btAccentDash btRegularTitle\" style=\"max-width: 800px;\"><p class=\"btSuperTitle\">Service<\/p><div class=\"dash\"><h1><span class=\"headline\">Flexitanks &quot; OCEAN BULK DHL AGENT &quot;<\/span><\/h1><\/div><p class=\"btSubTitle\">D\u00e9couvrez un transport de liquides efficace et rentable gr\u00e2ce \u00e0 nos services Flexitank. Des solutions s\u00fbres pour votre logistique des liquides en vrac.<\/p><\/header><div class=\"btClear btSeparator bottomSemiSpaced noBorder\" ><hr><\/div><div class=\"btBtn btBtn btnFilled btnAccentColor btnSmall btnNormal btnIco\" ><div class=\"btIco borderless extrasmall\"><a href=\"#\"  data-ico-fa=\"&#xf0e5;\" class=\"btIcoHolder\"><span>Contactez nous<\/span><\/a><\/div><\/div><div class=\"btBtn btBtn btnOutline btnIconLeftPosition btnLightColor btnSmall btnNormal btnIco\" ><div class=\"btIco borderless extrasmall\"><a href=\"https:\/\/marsaship.com\/services\/\"  data-ico-cs=\"&#xe61d;\" class=\"btIcoHolder\"><span>Nos services<\/span><\/a><\/div><\/div><\/div><\/div><\/div><\/div><\/div><\/div><\/section><section id=\"bt_section69e74adbd5459\"  class=\"boldSection topSpaced gutter inherit\" style=\"margon-top: -200px;\"><div class=\"port\"><div class=\"boldCell\"><div class=\"boldCellInner\"><div class=\"boldRow \" ><div class=\"rowItem col-md-12 col-ms-12  btTextLeft\"  ><div class=\"rowItemContent\"><\/div><\/div><\/div><div class=\"boldRow \" ><div class=\"rowItem col-md-9 col-ms-12  btTextLeft\"  ><div class=\"rowItemContent\"><header class=\"header btClear medium  btAccentDash btRegularTitle\" ><p class=\"btSuperTitle\">Flexible container &#8211; Marsaship&rsquo;s Expertise<\/p><div class=\"dash\"><h3><span class=\"headline\">Flexitanks<\/span><\/h3><\/div><\/header><div class=\"slided smallSliderHeight btSliderHideArrows\"  data-slick='{\"autoplay\":true,\"autoplaySpeed\":3000,\"pauseOnHover\":false,\"pauseOnDotsHover\":true}'><div class=\"slidedItem firstItem\"  data-thumb=\"https:\/\/marsaship.com\/wp-content\/uploads\/2023\/11\/flexitank-320x149.jpg\"><div class=\"btSliderPort wBackground cover\" style=\"background-image: url('https:\/\/marsaship.com\/wp-content\/uploads\/2023\/11\/flexitank.jpg')\"><div class=\"btSliderCell\" data-slick=\"yes\"><div class=\"btSlideGutter\"><div class=\"btSlidePane\"><\/div><\/div><\/div><\/div><\/div><div class=\"slidedItem firstItem\"  data-thumb=\"https:\/\/marsaship.com\/wp-content\/uploads\/2023\/12\/flexi-tank-320x149.jpg\"><div class=\"btSliderPort wBackground cover\" style=\"background-image: url('https:\/\/marsaship.com\/wp-content\/uploads\/2023\/12\/flexi-tank.jpg')\"><div class=\"btSliderCell\" data-slick=\"yes\"><div class=\"btSlideGutter\"><div class=\"btSlidePane\"><\/div><\/div><\/div><\/div><\/div><\/div><div class=\"btClear btSeparator bottomSemiSpaced noBorder\" ><hr><\/div><div class=\"btText\"><p>Depuis 2006, nous travaillons en partenariat avec BRAID logistics et offrons les meilleures solutions pour prot\u00e9ger la qualit\u00e9 de votre liquide pendant le transport.<\/p>\n<p>Chez Marsaship, nous sommes parfaitement conscients du r\u00f4le essentiel que joue le transport s\u00fbr, efficace et \u00e9conomiquement rationnel des liquides dans le monde interconnect\u00e9 d&rsquo;aujourd&rsquo;hui. Notre service Flextank est m\u00e9ticuleusement con\u00e7u pour r\u00e9pondre \u00e0 ces imp\u00e9ratifs, mais aussi pour les d\u00e9passer. Il vous offre une solution in\u00e9gal\u00e9e, polyvalente, fiable et \u00e9cologiquement responsable pour le transport d&rsquo;un large \u00e9ventail de liquides.<\/p>\n<\/div><div class=\"btClear btSeparator bottomSemiSpaced noBorder\" ><hr><\/div><div class=\"btText\"><h3>Pourquoi choisir les Flextanks de Marsaship ?<\/h3>\n<ul>\n<li><strong>Une capacit\u00e9 d&rsquo;adaptation hors du commun :<\/strong> les r\u00e9servoirs Flextank de Marsaship sont un t\u00e9moignage de polyvalence. Ils sont capables d&rsquo;accueillir un large \u00e9ventail de cargaisons liquides, allant des produits alimentaires les plus purs aux produits chimiques industriels les plus exigeants. Con\u00e7us pour s&rsquo;int\u00e9grer parfaitement dans les conteneurs d&rsquo;exp\u00e9dition standard, ils s&rsquo;harmonisent sans effort avec les diff\u00e9rents modes de transport.<\/li>\n<li><strong>Un engagement in\u00e9branlable en faveur de la s\u00e9curit\u00e9 :<\/strong> La s\u00e9curit\u00e9 reste la pierre angulaire de nos activit\u00e9s. Construits \u00e0 partir de mat\u00e9riaux de premi\u00e8re qualit\u00e9, conformes aux normes industrielles, les Flextanks Marsaship sont dot\u00e9s de dispositifs de s\u00e9curit\u00e9 de pointe qui constituent une formidable barri\u00e8re contre les fuites, la contamination et les dommages pendant le transport.<\/li>\n<li><strong>Une efficacit\u00e9 in\u00e9gal\u00e9e :<\/strong> Conscient que le temps est une denr\u00e9e pr\u00e9cieuse dans le monde des affaires, notre service Flextank est parfaitement adapt\u00e9 \u00e0 un chargement et un d\u00e9chargement rapides, ce qui permet de r\u00e9duire au minimum les temps d&rsquo;arr\u00eat et de garantir l&rsquo;arriv\u00e9e en temps voulu de vos produits \u00e0 leur destination.<\/li>\n<li><strong>Des \u00e9conomies qui comptent : Les Flextanks Marsaship permettent de r\u00e9aliser des \u00e9conomies substantielles par rapport aux m\u00e9thodes traditionnelles de transport de liquides en vrac.<\/strong> Leur conception l\u00e9g\u00e8re et l&rsquo;utilisation astucieuse de l&rsquo;espace du conteneur vous permettent de maximiser la charge utile de votre cargaison tout en r\u00e9duisant vos frais d&rsquo;exp\u00e9dition.<\/li>\n<li><strong>Promouvoir la gestion de l&rsquo;environnement :<\/strong> Nous nous engageons sans r\u00e9serve dans la voie de la responsabilit\u00e9 environnementale. Les Flextanks Marsaship sont construits dans une optique de r\u00e9utilisation et de recyclage, ce qui permet de r\u00e9duire les d\u00e9chets et de diminuer de mani\u00e8re significative l&#8217;empreinte \u00e9cologique du transport de liquides.<\/li>\n<\/ul>\n<\/div><div class=\"btClear btSeparator topSmallSpaced noBorder\" ><hr><\/div><div class=\"btText\"><div class=\"s-title-group \">\n<div class=\"s-title \">\n<div class=\"s-component s-text s-animation-page-slide_in\">\n<div class=\"\">\n<div class=\"s-component-content s-font-title\">\n<h3>De l&rsquo;origine \u00e0 la destination husstle free.<\/h3>\n<\/div>\n<\/div>\n<\/div>\n<\/div>\n<div class=\"s-subtitle\">\n<div class=\"s-component s-text s-animation-page-slide_in\">\n<div class=\"\">\n<div class=\"s-component-content s-font-heading\">\n<p><span class=\"s-text-color-black\">Marsaship peut vous offrir une solution compl\u00e8te pour le transport de liquides en vrac. Les sp\u00e9cialistes de Marsaship s&rsquo;occuperont de vos produits, de l&rsquo;origine \u00e0 la destination. Notre \u00e9quipe, en collaboration avec BRAID, veillera \u00e0 ce que votre produit arrive aussi parfait qu&rsquo;il est parti.<\/span><\/p>\n<\/div>\n<\/div>\n<\/div>\n<\/div>\n<\/div>\n<\/div><div class=\"btClear btSeparator topSmallSpaced noBorder\" ><hr><\/div><div class=\"btText\"><h3>Un flexitank con\u00e7u pour votre tranquillit\u00e9 d&rsquo;esprit.<\/h3>\n<p>Les flexitanks BRAID sont les plus avanc\u00e9s au monde. Solide, s\u00fbr et exempt de toute souillure gr\u00e2ce \u00e0 la technologie Hexapoure. Tous ceux qui ont besoin de s\u00e9curit\u00e9 et de puret\u00e9 peuvent compter sur notre partenaire historique BRAID.<\/p>\n<\/div><\/div><\/div><div class=\"rowItem col-md-3 col-sm-6 col-ms-12 btTextLeft inherit btDoublePadding\"  ><div class=\"rowItemContent\"><header class=\"header btClear small  btAccentDash btRegularTitle\" ><p class=\"btSuperTitle\">LIRE LA SUITE<\/p><div class=\"dash\"><h4><span class=\"headline\">AUTRES SERVICES<\/span><\/h4><\/div><\/header><div class=\"btCustomMenu \" ><div class=\"menu-services-menu-container\"><ul id=\"menu-services-menu\" class=\"menu\"><li id=\"menu-item-1152\" class=\"menu-item menu-item-type-post_type menu-item-object-page menu-item-1152\"><a href=\"https:\/\/marsaship.com\/services\/flexitanks\/\">Flexitanks<\/a><\/li><li id=\"menu-item-1150\" class=\"menu-item menu-item-type-post_type menu-item-object-page menu-item-1150\"><a href=\"https:\/\/marsaship.com\/services\/ibc-drums\/\">IBC et barils<\/a><\/li><li id=\"menu-item-1149\" class=\"menu-item menu-item-type-post_type menu-item-object-page menu-item-1149\"><a href=\"https:\/\/marsaship.com\/services\/full-container\/\">Conteneur complet<\/a><\/li><li id=\"menu-item-2141\" class=\"menu-item menu-item-type-post_type menu-item-object-page menu-item-2141\"><a href=\"https:\/\/marsaship.com\/services\/iso-tanks\/\">ISO Tanks<\/a><\/li><li id=\"menu-item-2142\" class=\"menu-item menu-item-type-post_type menu-item-object-page menu-item-2142\"><a href=\"https:\/\/marsaship.com\/services\/oversized-loads\/\">Charges surdimensionn\u00e9es<\/a><\/li><li id=\"menu-item-2143\" class=\"menu-item menu-item-type-post_type menu-item-object-page menu-item-2143\"><a href=\"https:\/\/marsaship.com\/services\/less-container\/\">Conteneur r\u00e9duit<\/a><\/li><li id=\"menu-item-2491\" class=\"menu-item menu-item-type-post_type menu-item-object-page menu-item-2491\"><a href=\"https:\/\/marsaship.com\/services\/cross-booking\/\">R\u00e9servation crois\u00e9e<\/a><\/li><li id=\"menu-item-2526\" class=\"menu-item menu-item-type-post_type menu-item-object-page menu-item-2526\"><a href=\"https:\/\/marsaship.com\/nos-realisation\/\">Nos r\u00e9alisations<\/a><\/li>\n<\/ul><\/div><\/div><div class=\"btClear btSeparator topSemiSpaced noBorder\" ><hr><\/div><header class=\"header btClear small  btAccentDash btRegularTitle\" ><p class=\"btSuperTitle\">T\u00c9L\u00c9CHARGER LA SECTION<\/p><div class=\"dash\"><h4><span class=\"headline\">BROCHURES<\/span><\/h4><\/div><\/header><div class=\"btBtn btBtn btnOutline btnLightColor btnSmall btnFull btnIco\" ><div class=\"btIco borderless extrasmall\"><a href=\"http:\/\/http:\/\/www.google.com\"  target=\"_blank\"  data-ico-fa=\"&#xf1c1;\" class=\"btIcoHolder\"><span>Brochure sur les services<\/span><\/a><\/div><\/div><div class=\"btClear btSeparator topSpaced noBorder\" ><hr><\/div><header class=\"header btClear small  btAccentDash btRegularTitle\" ><div class=\"dash\"><h4><span class=\"headline\">CONTACTEZ NOUS<\/span><\/h4><\/div><\/header><div class=\"btIconImageRow\" ><div class=\"btIco borderless extrasmall\"><span  data-ico-fa=\"&#xf098;\" class=\"btIcoHolder\"><span>Phone: +216 52 270 236<\/span><\/span><\/div><\/div><div class=\"btIconImageRow\" ><div class=\"btIco borderless extrasmall\"><span  data-ico-fa=\"&#xf0e0;\" class=\"btIcoHolder\"><span>Mail: info@marsaship.com<\/span><\/span><\/div><\/div><div class=\"btClear btSeparator topSmallSpaced noBorder\" ><hr><\/div><\/div><\/div><\/div><\/div><\/div><\/div><\/section><section id=\"bt_section69e74adbdad83\"  class=\"boldSection gutter\" ><div class=\"port\"><div class=\"boldCell\"><div class=\"boldCellInner\"><div class=\"boldRow \" ><div class=\"rowItem col-md-12 col-ms-12  btTextLeft\"  ><div class=\"rowItemContent\"><div class=\"btClear btSeparator topSpaced bottomSpaced noBorder\" ><hr><\/div><\/div><\/div><\/div><\/div><\/div><\/div><\/section><\/div>","protected":false},"excerpt":{"rendered":"","protected":false},"author":2,"featured_media":0,"parent":0,"menu_order":0,"comment_status":"closed","ping_status":"closed","template":"","meta":{"footnotes":""},"class_list":["post-2735","page","type-page","status-publish","hentry"],"_links":{"self":[{"href":"https:\/\/marsaship.com\/fr\/wp-json\/wp\/v2\/pages\/2735","targetHints":{"allow":["GET"]}}],"collection":[{"href":"https:\/\/marsaship.com\/fr\/wp-json\/wp\/v2\/pages"}],"about":[{"href":"https:\/\/marsaship.com\/fr\/wp-json\/wp\/v2\/types\/page"}],"author":[{"embeddable":true,"href":"https:\/\/marsaship.com\/fr\/wp-json\/wp\/v2\/users\/2"}],"replies":[{"embeddable":true,"href":"https:\/\/marsaship.com\/fr\/wp-json\/wp\/v2\/comments?post=2735"}],"version-history":[{"count":4,"href":"https:\/\/marsaship.com\/fr\/wp-json\/wp\/v2\/pages\/2735\/revisions"}],"predecessor-version":[{"id":2786,"href":"https:\/\/marsaship.com\/fr\/wp-json\/wp\/v2\/pages\/2735\/revisions\/2786"}],"wp:attachment":[{"href":"https:\/\/marsaship.com\/fr\/wp-json\/wp\/v2\/media?parent=2735"}],"curies":[{"name":"wp","href":"https:\/\/api.w.org\/{rel}","templated":true}]}}