{"id":2739,"date":"2015-09-18T11:51:24","date_gmt":"2015-09-18T11:51:24","guid":{"rendered":"https:\/\/marsaship.com\/ibc-et-barils\/"},"modified":"2023-12-21T09:21:38","modified_gmt":"2023-12-21T09:21:38","slug":"ibc-et-barils","status":"publish","type":"page","link":"https:\/\/marsaship.com\/fr\/ibc-et-barils\/","title":{"rendered":"IBC et barils"},"content":{"rendered":"<div class=\"bt_rc_container\"><section id=\"bt_section69e7508f92e93\" data-parallax=\"0.1\" data-parallax-offset=\"-50\" class=\"boldSection topExtraSpaced bottomSpaced btDarkSkin gutter btMiddleVertical btParallax wBackground cover\" style=\"background-image:url('https:\/\/marsaship.com\/wp-content\/uploads\/2023\/10\/ibc.jpg');\"><div class=\"port\"><div class=\"boldCell\"><div class=\"boldCellInner\"><div class=\"boldRow \" ><div class=\"rowItem col-md-12 col-ms-12  btTextLeft inherit\"  ><div class=\"rowItemContent\"><header class=\"header btClear extralarge btDash bottomDash  btAccentDash btRegularTitle\" style=\"max-width: 800px;\"><p class=\"btSuperTitle\">Service<\/p><div class=\"dash\"><h1><span class=\"headline\">IBC &amp; Barils : La logistique liquide perfectionn\u00e9e<\/span><\/h1><\/div><p class=\"btSubTitle\">La logistique liquide perfectionn\u00e9e : L&rsquo;excellence au goutte \u00e0 goutte<\/p><\/header><div class=\"btClear btSeparator bottomSemiSpaced noBorder\" ><hr><\/div><div class=\"btBtn btBtn btnFilled btnAccentColor btnSmall btnNormal btnIco\" ><div class=\"btIco borderless extrasmall\"><a href=\"#\"  data-ico-fa=\"&#xf0e5;\" class=\"btIcoHolder\"><span>Contactez-nous<\/span><\/a><\/div><\/div><div class=\"btBtn btBtn btnOutline btnIconLeftPosition btnLightColor btnSmall btnNormal btnIco\" ><div class=\"btIco borderless extrasmall\"><a href=\"#\"  data-ico-cs=\"&#xe61d;\" class=\"btIcoHolder\"><span>Nos services<\/span><\/a><\/div><\/div><\/div><\/div><\/div><\/div><\/div><\/div><\/section><section id=\"bt_section69e7508f936a4\"  class=\"boldSection topSpaced bottomSemiSpaced gutter inherit\" ><div class=\"port\"><div class=\"boldCell\"><div class=\"boldCellInner\"><div class=\"boldRow \" ><div class=\"rowItem col-md-9 col-ms-12  btTextLeft\"  ><div class=\"rowItemContent\"><header class=\"header btClear medium  btAccentDash btRegularTitle\" ><p class=\"btSuperTitle\">Liquid Cargo, Elevated &#8211; Marsaship&rsquo;s Expertise<\/p><div class=\"dash\"><h3><span class=\"headline\">IBC &amp; Drums<\/span><\/h3><\/div><\/header><div class=\"btClear btSeparator topSmallSpaced noBorder\" ><hr><\/div><div class=\"slided smallSliderHeight btSliderHideArrows\"  data-slick='{\"autoplay\":true,\"autoplaySpeed\":3000,\"pauseOnHover\":false,\"pauseOnDotsHover\":true}'><div class=\"slidedItem firstItem\"  data-thumb=\"https:\/\/marsaship.com\/wp-content\/uploads\/2023\/11\/IBCANDDRUMS-320x149.jpg\"><div class=\"btSliderPort wBackground cover\" style=\"background-image: url('https:\/\/marsaship.com\/wp-content\/uploads\/2023\/11\/IBCANDDRUMS.jpg')\"><div class=\"btSliderCell\" data-slick=\"yes\"><div class=\"btSlideGutter\"><div class=\"btSlidePane\"><\/div><\/div><\/div><\/div><\/div><div class=\"slidedItem firstItem\"  data-thumb=\"https:\/\/marsaship.com\/wp-content\/uploads\/2023\/12\/ibc-and-drums-320x149.jpg\"><div class=\"btSliderPort wBackground cover\" style=\"background-image: url('https:\/\/marsaship.com\/wp-content\/uploads\/2023\/12\/ibc-and-drums.jpg')\"><div class=\"btSliderCell\" data-slick=\"yes\"><div class=\"btSlideGutter\"><div class=\"btSlidePane\"><\/div><\/div><\/div><\/div><\/div><\/div><div class=\"btClear btSeparator topSmallSpaced noBorder\" ><hr><\/div><div class=\"btText\"><div class=\"group w-full text-token-text-primary border-b border-black\/10 gizmo:border-0 dark:border-gray-900\/50 gizmo:dark:border-0 bg-gray-50 gizmo:bg-transparent dark:bg-&#091;#444654&#093; gizmo:dark:bg-transparent\" data-testid=\"conversation-turn-11\">\n<div class=\"p-4 justify-center text-base md:gap-6 md:py-6 m-auto\">\n<div class=\"flex flex-1 gap-4 text-base mx-auto md:gap-6 gizmo:gap-3 gizmo:md:px-5 gizmo:lg:px-1 gizmo:xl:px-5 md:max-w-2xl lg:max-w-&#091;38rem&#093; gizmo:md:max-w-3xl gizmo:lg:max-w-&#091;40rem&#093; gizmo:xl:max-w-&#091;48rem&#093; xl:max-w-3xl }\">\n<div class=\"relative flex w-&#091;calc(100%-50px)&#093; flex-col gizmo:w-full lg:w-&#091;calc(100%-115px)&#093; agent-turn\">\n<div class=\"flex-col gap-1 md:gap-3\">\n<div class=\"flex flex-grow flex-col gap-3 max-w-full\">\n<div class=\"min-h-&#091;20px&#093; flex flex-col items-start gap-3 whitespace-pre-wrap break-words overflow-x-auto\">\n<div class=\"markdown prose w-full break-words dark:prose-invert dark\">\n<p>Dans le domaine complexe du transport de liquides, l&rsquo;engagement de Marsaship en faveur de l&rsquo;excellence se traduit par notre service sp\u00e9cialis\u00e9 IBC (Intermediate Bulk Containers) &amp; Drums. Cette offre m\u00e9ticuleuse a \u00e9t\u00e9 soigneusement con\u00e7ue pour r\u00e9pondre aux besoins nuanc\u00e9s de la logistique des liquides. Elle pr\u00e9sente une multitude d&rsquo;avantages qui nous distinguent en tant que premier fournisseur de solutions du secteur.<\/p>\n<h3>Diverses capacit\u00e9s de manutention<\/h3>\n<p>Marsaship excelle dans la polyvalence. Notre service IBC et f\u00fbts est comp\u00e9tent pour g\u00e9rer un large \u00e9ventail de cargaisons liquides, allant des produits chimiques dangereux aux produits pharmaceutiques. Ces marchandises sont conserv\u00e9es en toute s\u00e9curit\u00e9 dans des GRV, des f\u00fbts et des barils, ce qui garantit qu&rsquo;elles arrivent \u00e0 destination intactes et non alt\u00e9r\u00e9es.<\/p>\n<h3>Des normes de s\u00e9curit\u00e9 exemplaires<\/h3>\n<p>La s\u00e9curit\u00e9 n&rsquo;est pas seulement une priorit\u00e9, mais un mode de vie chez Marsaship. Nous respectons les normes de s\u00e9curit\u00e9 les plus strictes du secteur, et notre \u00e9quipe de professionnels chevronn\u00e9s prend toutes les pr\u00e9cautions n\u00e9cessaires pour s&rsquo;assurer que votre cargaison liquide est manipul\u00e9e avec le plus grand soin. Cette approche m\u00e9ticuleuse minimise les risques et garantit un transport s\u00e9curis\u00e9.<\/p>\n<h3>L&rsquo;efficacit\u00e9 red\u00e9finie<\/h3>\n<p>Marsaship sait que le temps est un facteur essentiel dans le monde de la logistique. Notre service IBC et f\u00fbts est parfaitement adapt\u00e9 pour un chargement rapide, un d\u00e9chargement sans effort et une manutention sans faille. Ce souci d&rsquo;efficacit\u00e9 r\u00e9duit les temps d&rsquo;arr\u00eat et garantit la livraison ponctuelle de vos produits.<\/p>\n<h3>Prudence \u00e9conomique<\/h3>\n<p>Notre service IBC et f\u00fbts est synonyme de rentabilit\u00e9. Notre \u00e9quipe optimise l&rsquo;utilisation de l&rsquo;espace de chargement afin de r\u00e9duire les frais d&rsquo;exp\u00e9dition, tout en pr\u00e9servant l&rsquo;\u00e9tat impeccable de vos produits tout au long de leur voyage.<\/p>\n<h3>Gestion de l&rsquo;environnement<\/h3>\n<p>La durabilit\u00e9 fait partie int\u00e9grante de notre philosophie. Le service IBC &amp; Drums de Marsaship donne la priorit\u00e9 \u00e0 la r\u00e9utilisation et au recyclage, en diminuant les d\u00e9chets et en r\u00e9duisant l&rsquo;impact environnemental associ\u00e9 au transport de liquides dans des IBC et des f\u00fbts.<\/p>\n<h3>Faites l&rsquo;exp\u00e9rience d&rsquo;une excellence in\u00e9gal\u00e9e<\/h3>\n<p>L&rsquo;engagement de Marsaship en faveur de l&rsquo;excellence est une caract\u00e9ristique de notre service. Nos experts chevronn\u00e9s veillent \u00e0 ce que votre cargaison liquide soit trait\u00e9e avec la plus grande pr\u00e9cision et le plus grand soin, garantissant ainsi son arriv\u00e9e en toute s\u00e9curit\u00e9 et en temps voulu \u00e0 sa destination finale.<\/p>\n<p>En choisissant le service IBC &amp; Drums de Marsaship, vous choisissez un partenaire qui s&rsquo;engage \u00e0 fournir des capacit\u00e9s in\u00e9gal\u00e9es, une s\u00e9curit\u00e9 in\u00e9gal\u00e9e et une efficacit\u00e9 in\u00e9branlable dans le monde complexe du transport de liquides.<\/p>\n<\/div>\n<\/div>\n<\/div>\n<\/div>\n<\/div>\n<\/div>\n<\/div>\n<\/div>\n<\/div><div class=\"btClear btSeparator topSmallSpaced noBorder\" ><hr><\/div><\/div><\/div><div class=\"rowItem col-md-3 col-sm-6 col-ms-12 btTextLeft inherit btDoublePadding\"  ><div class=\"rowItemContent\"><header class=\"header btClear small  btAccentDash btRegularTitle\" ><p class=\"btSuperTitle\">LIRE LA SUITE<\/p><div class=\"dash\"><h4><span class=\"headline\">AUTRES SERVICES<\/span><\/h4><\/div><\/header><div class=\"btCustomMenu \" ><div class=\"menu-services-menu-container\"><ul id=\"menu-services-menu\" class=\"menu\"><li id=\"menu-item-1152\" class=\"menu-item menu-item-type-post_type menu-item-object-page menu-item-1152\"><a href=\"https:\/\/marsaship.com\/services\/flexitanks\/\">Flexitanks<\/a><\/li><li id=\"menu-item-1150\" class=\"menu-item menu-item-type-post_type menu-item-object-page menu-item-1150\"><a href=\"https:\/\/marsaship.com\/services\/ibc-drums\/\">IBC et barils<\/a><\/li><li id=\"menu-item-1149\" class=\"menu-item menu-item-type-post_type menu-item-object-page menu-item-1149\"><a href=\"https:\/\/marsaship.com\/services\/full-container\/\">Conteneur complet<\/a><\/li><li id=\"menu-item-2141\" class=\"menu-item menu-item-type-post_type menu-item-object-page menu-item-2141\"><a href=\"https:\/\/marsaship.com\/services\/iso-tanks\/\">ISO Tanks<\/a><\/li><li id=\"menu-item-2142\" class=\"menu-item menu-item-type-post_type menu-item-object-page menu-item-2142\"><a href=\"https:\/\/marsaship.com\/services\/oversized-loads\/\">Charges surdimensionn\u00e9es<\/a><\/li><li id=\"menu-item-2143\" class=\"menu-item menu-item-type-post_type menu-item-object-page menu-item-2143\"><a href=\"https:\/\/marsaship.com\/services\/less-container\/\">Conteneur r\u00e9duit<\/a><\/li><li id=\"menu-item-2491\" class=\"menu-item menu-item-type-post_type menu-item-object-page menu-item-2491\"><a href=\"https:\/\/marsaship.com\/services\/cross-booking\/\">R\u00e9servation crois\u00e9e<\/a><\/li><li id=\"menu-item-2526\" class=\"menu-item menu-item-type-post_type menu-item-object-page menu-item-2526\"><a href=\"https:\/\/marsaship.com\/nos-realisation\/\">Nos r\u00e9alisations<\/a><\/li>\n<\/ul><\/div><\/div><div class=\"btClear btSeparator topSemiSpaced noBorder\" ><hr><\/div><header class=\"header btClear small  btAccentDash btRegularTitle\" ><p class=\"btSuperTitle\">T\u00c9L\u00c9CHARGER LA SECTION<\/p><div class=\"dash\"><h4><span class=\"headline\">BROCHURES<\/span><\/h4><\/div><\/header><div class=\"btBtn btBtn btnOutline btnLightColor btnSmall btnFull btnIco\" ><div class=\"btIco borderless extrasmall\"><a href=\"http:\/\/http:\/\/www.google.com\"  target=\"_blank\"  data-ico-fa=\"&#xf1c1;\" class=\"btIcoHolder\"><span>Brochure des services<\/span><\/a><\/div><\/div><div class=\"btClear btSeparator topSpaced noBorder\" ><hr><\/div><header class=\"header btClear small  btAccentDash btRegularTitle\" ><div class=\"dash\"><h4><span class=\"headline\">CONTACTEZ-NOUS<\/span><\/h4><\/div><\/header><div class=\"btIconImageRow\" ><div class=\"btIco borderless extrasmall\"><span  data-ico-fa=\"&#xf098;\" class=\"btIcoHolder\"><span>T\u00e9l\u00e9phone: +216 52 270 236<\/span><\/span><\/div><\/div><div class=\"btIconImageRow\" ><div class=\"btIco borderless extrasmall\"><span  data-ico-fa=\"&#xf0e0;\" class=\"btIcoHolder\"><span>Email : info@marsaship.com<\/span><\/span><\/div><\/div><div class=\"btClear btSeparator topSmallSpaced noBorder\" ><hr><\/div><\/div><\/div><\/div><div class=\"boldRow \" ><div class=\"rowItem col-md-12 col-ms-12  btTextLeft\"  ><div class=\"rowItemContent\"><\/div><\/div><\/div><\/div><\/div><\/div><\/section><\/div>","protected":false},"excerpt":{"rendered":"","protected":false},"author":2,"featured_media":0,"parent":0,"menu_order":0,"comment_status":"closed","ping_status":"closed","template":"","meta":{"footnotes":""},"class_list":["post-2739","page","type-page","status-publish","hentry"],"_links":{"self":[{"href":"https:\/\/marsaship.com\/fr\/wp-json\/wp\/v2\/pages\/2739","targetHints":{"allow":["GET"]}}],"collection":[{"href":"https:\/\/marsaship.com\/fr\/wp-json\/wp\/v2\/pages"}],"about":[{"href":"https:\/\/marsaship.com\/fr\/wp-json\/wp\/v2\/types\/page"}],"author":[{"embeddable":true,"href":"https:\/\/marsaship.com\/fr\/wp-json\/wp\/v2\/users\/2"}],"replies":[{"embeddable":true,"href":"https:\/\/marsaship.com\/fr\/wp-json\/wp\/v2\/comments?post=2739"}],"version-history":[{"count":2,"href":"https:\/\/marsaship.com\/fr\/wp-json\/wp\/v2\/pages\/2739\/revisions"}],"predecessor-version":[{"id":2785,"href":"https:\/\/marsaship.com\/fr\/wp-json\/wp\/v2\/pages\/2739\/revisions\/2785"}],"wp:attachment":[{"href":"https:\/\/marsaship.com\/fr\/wp-json\/wp\/v2\/media?parent=2739"}],"curies":[{"name":"wp","href":"https:\/\/api.w.org\/{rel}","templated":true}]}}