{"id":2747,"date":"2015-09-18T11:52:12","date_gmt":"2015-09-18T11:52:12","guid":{"rendered":"https:\/\/marsaship.com\/conteneur-complet-2\/"},"modified":"2023-12-21T09:19:16","modified_gmt":"2023-12-21T09:19:16","slug":"conteneur-complet-2","status":"publish","type":"page","link":"https:\/\/marsaship.com\/fr\/conteneur-complet-2\/","title":{"rendered":"Conteneur complet"},"content":{"rendered":"<div class=\"bt_rc_container\"><section id=\"bt_section69e7393e87bdc\" data-parallax=\"0.1\" data-parallax-offset=\"0\" class=\"boldSection topExtraSpaced bottomSpaced btDarkSkin gutter btMiddleVertical btParallax wBackground cover\" style=\"background-image:url('https:\/\/marsaship.com\/wp-content\/uploads\/2023\/11\/fullcontainer-loader-marsaship2.jpg');\"><div class=\"port\"><div class=\"boldCell\"><div class=\"boldCellInner\"><div class=\"boldRow \" ><div class=\"rowItem col-md-12 col-ms-12  btTextLeft animate animate-fadein animate-moveleft inherit\"  ><div class=\"rowItemContent\"><header class=\"header btClear extralarge btDash bottomDash  btAccentDash btRegularTitle\" style=\"max-width: 800px;\"><p class=\"btSuperTitle\">Service<\/p><div class=\"dash\"><h1><span class=\"headline\">FULL CONTAINERS<\/span><\/h1><\/div><p class=\"btSubTitle\">L&rsquo;excellence logistique, un conteneur plein \u00e0 la fois !<\/p><\/header><div class=\"btClear btSeparator bottomSemiSpaced noBorder\" ><hr><\/div><div class=\"btBtn btBtn btnFilled btnAccentColor btnSmall btnNormal btnIco\" ><div class=\"btIco borderless extrasmall\"><a href=\"#\"  data-ico-fa=\"&#xf0e5;\" class=\"btIcoHolder\"><span>Contactez-nous<\/span><\/a><\/div><\/div><div class=\"btBtn btBtn btnOutline btnIconLeftPosition btnLightColor btnSmall btnNormal btnIco\" ><div class=\"btIco borderless extrasmall\"><a href=\"#\"  data-ico-cs=\"&#xe61d;\" class=\"btIcoHolder\"><span>Nos services<\/span><\/a><\/div><\/div><\/div><\/div><\/div><\/div><\/div><\/div><\/section><section id=\"bt_section69e7393e882b4\"  class=\"boldSection topSpaced bottomSemiSpaced gutter inherit\" ><div class=\"port\"><div class=\"boldCell\"><div class=\"boldCellInner\"><div class=\"boldRow \" ><div class=\"rowItem col-md-9 col-ms-12  btTextLeft\"  ><div class=\"rowItemContent\"><header class=\"header btClear medium  btAccentDash btRegularTitle\" ><p class=\"btSuperTitle\">Ship anywhere safely<\/p><div class=\"dash\"><h3><span class=\"headline\">FULL CONTAINERS<\/span><\/h3><\/div><\/header><div class=\"btClear btSeparator topSmallSpaced noBorder\" ><hr><\/div><div class=\"slided smallSliderHeight btSliderHideArrows\"  data-slick='{\"autoplay\":true,\"autoplaySpeed\":3000,\"pauseOnHover\":false,\"pauseOnDotsHover\":true}'><div class=\"slidedItem firstItem\"  data-thumb=\"https:\/\/marsaship.com\/wp-content\/uploads\/2023\/11\/full-container-1-320x149.jpg\"><div class=\"btSliderPort wBackground cover\" style=\"background-image: url('https:\/\/marsaship.com\/wp-content\/uploads\/2023\/11\/full-container-1.jpg')\"><div class=\"btSliderCell\" data-slick=\"yes\"><div class=\"btSlideGutter\"><div class=\"btSlidePane\"><\/div><\/div><\/div><\/div><\/div><\/div><div class=\"btClear btSeparator topSemiSpaced noBorder\" ><hr><\/div><div class=\"btText\"><h3>Exp\u00e9diez en toute s\u00e9curit\u00e9, exp\u00e9diez n&rsquo;importe o\u00f9 : Votre solution compl\u00e8te de logistique des conteneurs.<\/h3>\n<p>Chez MarsaShip, nous sommes tr\u00e8s fiers de fournir des services de conteneurs complets de premier ordre qui \u00e9tablissent de nouvelles normes dans l&rsquo;industrie. Notre engagement en faveur de l&rsquo;excellence, notre d\u00e9vouement sans faille et notre qu\u00eate incessante de la satisfaction du client font de nous le leader incontest\u00e9 dans ce domaine.<\/p>\n<h3>Aper\u00e7u des services de conteneurs complets :<\/h3>\n<p>MarsaShip se sp\u00e9cialise dans l&rsquo;offre de services complets de conteneurs qui r\u00e9pondent \u00e0 tous vos besoins logistiques. Que vous exp\u00e9diiez des produits \u00e0 l&rsquo;\u00e9chelle mondiale ou nationale, nous disposons de l&rsquo;expertise, de l&rsquo;infrastructure et de l&rsquo;exp\u00e9rience n\u00e9cessaires pour que vos marchandises arrivent \u00e0 destination en toute s\u00e9curit\u00e9, efficacement et dans les d\u00e9lais impartis.<\/p>\n<h3>Principales caract\u00e9ristiques de nos services de conteneurs complets :<\/h3>\n<ol>\n<li><strong>Une port\u00e9e mondiale :<\/strong> Gr\u00e2ce \u00e0 son vaste r\u00e9seau de partenaires internationaux, MarsaShip peut transporter vos marchandises de et vers pratiquement tous les coins du monde. Nous assurons des liaisons sans faille et veillons \u00e0 ce que vos marchandises soient toujours entre de bonnes mains.<\/li>\n<li><strong>Fiabilit\u00e9 : Nous comprenons la nature critique de vos envois, c&rsquo;est pourquoi nous garantissons des services fiables et ponctuels.<\/strong> La confiance que vous nous accordez est justifi\u00e9e, car nous r\u00e9pondons toujours aux attentes en mati\u00e8re de livraison et les d\u00e9passons.<\/li>\n<li><strong>S\u00e9curit\u00e9 et s\u00fbret\u00e9 :<\/strong> Chez MarsaShip, la s\u00e9curit\u00e9 de votre cargaison est notre priorit\u00e9 absolue. Nos conteneurs ultramodernes sont con\u00e7us pour prot\u00e9ger vos marchandises des intemp\u00e9ries et des circonstances impr\u00e9vues, vous procurant ainsi la tranquillit\u00e9 d&rsquo;esprit que vous m\u00e9ritez.<\/li>\n<li><strong>Rentabilit\u00e9 :<\/strong> Nous proposons des prix comp\u00e9titifs sans compromettre la qualit\u00e9 de nos services. Notre \u00e9quipe est comp\u00e9tente pour optimiser les itin\u00e9raires et les processus afin de vous faire gagner du temps et de l&rsquo;argent.<\/li>\n<li><strong>Des solutions personnalis\u00e9es :<\/strong> Nous comprenons que chaque cargaison a des exigences uniques. C&rsquo;est pourquoi nous adaptons nos services \u00e0 vos besoins sp\u00e9cifiques, en vous garantissant une solution personnalis\u00e9e pour chaque envoi.<\/li>\n<li><strong>Responsabilit\u00e9 environnementale :<\/strong> MarsaShip s&rsquo;engage \u00e0 adopter des pratiques durables et respectueuses de l&rsquo;environnement. Notre flotte de conteneurs r\u00e9pond aux normes environnementales les plus strictes, minimisant ainsi notre empreinte carbone.<\/li>\n<li><strong>Assistance \u00e0 la client\u00e8le :<\/strong> Notre \u00e9quipe d&rsquo;assistance \u00e0 la client\u00e8le est disponible 24 heures sur 24 pour vous aider \u00e0 chaque \u00e9tape de votre exp\u00e9dition. Vous n&rsquo;\u00eates jamais seul lorsque vous choisissez MarsaShip.<\/li>\n<\/ol>\n<h3>Pourquoi choisir MarsaShip :<\/h3>\n<p>Notre riche histoire d&rsquo;excellence, nos installations de classe mondiale et une \u00e9quipe de professionnels d\u00e9vou\u00e9s nous positionnent comme le choix privil\u00e9gi\u00e9 pour des services de conteneurs complets. Lorsque vous vous associez \u00e0 MarsaShip, vous vous associez \u00e0 une entreprise qui ne se contente pas de r\u00e9pondre aux attentes, mais qui les surpasse.<\/p>\n<p>D\u00e9couvrez le summum des services de conteneurs complets avec MarsaShip. Le voyage de votre cargaison commence et se termine avec nous, ce qui garantit une exp\u00e9rience d&rsquo;exp\u00e9dition transparente, s\u00fbre et sans stress. Faites confiance \u00e0 MarsaShip pour un monde d&rsquo;excellence en mati\u00e8re de logistique.<\/p>\n<\/div><div class=\"btClear btSeparator topSemiSpaced noBorder\" ><hr><\/div><\/div><\/div><div class=\"rowItem col-md-3 col-sm-6 col-ms-12 btTextLeft inherit btDoublePadding\"  ><div class=\"rowItemContent\"><header class=\"header btClear small  btAccentDash btRegularTitle\" ><p class=\"btSuperTitle\">LIRE LA SUITE<\/p><div class=\"dash\"><h4><span class=\"headline\">AUTRES SERVICES<\/span><\/h4><\/div><\/header><div class=\"btCustomMenu \" ><div class=\"menu-services-menu-container\"><ul id=\"menu-services-menu\" class=\"menu\"><li id=\"menu-item-1152\" class=\"menu-item menu-item-type-post_type menu-item-object-page menu-item-1152\"><a href=\"https:\/\/marsaship.com\/services\/flexitanks\/\">Flexitanks<\/a><\/li><li id=\"menu-item-1150\" class=\"menu-item menu-item-type-post_type menu-item-object-page menu-item-1150\"><a href=\"https:\/\/marsaship.com\/services\/ibc-drums\/\">IBC et barils<\/a><\/li><li id=\"menu-item-1149\" class=\"menu-item menu-item-type-post_type menu-item-object-page menu-item-1149\"><a href=\"https:\/\/marsaship.com\/services\/full-container\/\">Conteneur complet<\/a><\/li><li id=\"menu-item-2141\" class=\"menu-item menu-item-type-post_type menu-item-object-page menu-item-2141\"><a href=\"https:\/\/marsaship.com\/services\/iso-tanks\/\">ISO Tanks<\/a><\/li><li id=\"menu-item-2142\" class=\"menu-item menu-item-type-post_type menu-item-object-page menu-item-2142\"><a href=\"https:\/\/marsaship.com\/services\/oversized-loads\/\">Charges surdimensionn\u00e9es<\/a><\/li><li id=\"menu-item-2143\" class=\"menu-item menu-item-type-post_type menu-item-object-page menu-item-2143\"><a href=\"https:\/\/marsaship.com\/services\/less-container\/\">Conteneur r\u00e9duit<\/a><\/li><li id=\"menu-item-2491\" class=\"menu-item menu-item-type-post_type menu-item-object-page menu-item-2491\"><a href=\"https:\/\/marsaship.com\/services\/cross-booking\/\">R\u00e9servation crois\u00e9e<\/a><\/li><li id=\"menu-item-2526\" class=\"menu-item menu-item-type-post_type menu-item-object-page menu-item-2526\"><a href=\"https:\/\/marsaship.com\/nos-realisation\/\">Nos r\u00e9alisations<\/a><\/li>\n<\/ul><\/div><\/div><div class=\"btClear btSeparator topSemiSpaced noBorder\" ><hr><\/div><header class=\"header btClear small  btAccentDash btRegularTitle\" ><p class=\"btSuperTitle\">T\u00c9L\u00c9CHARGER LA SECTION<\/p><div class=\"dash\"><h4><span class=\"headline\">BROCHURES<\/span><\/h4><\/div><\/header><div class=\"btBtn btBtn btnOutline btnLightColor btnSmall btnFull btnIco\" ><div class=\"btIco borderless extrasmall\"><a href=\"http:\/\/http:\/\/www.google.com\"  target=\"_blank\"  data-ico-fa=\"&#xf1c1;\" class=\"btIcoHolder\"><span>Service Brochure<\/span><\/a><\/div><\/div><div class=\"btClear btSeparator topSpaced noBorder\" ><hr><\/div><header class=\"header btClear small  btAccentDash btRegularTitle\" ><div class=\"dash\"><h4><span class=\"headline\">CONTACTEZ NOUS<\/span><\/h4><\/div><\/header><div class=\"btIconImageRow\" ><div class=\"btIco borderless extrasmall\"><span  data-ico-fa=\"&#xf098;\" class=\"btIcoHolder\"><span>T\u00e9l\u00e9phone: +216 52 270 236<\/span><\/span><\/div><\/div><div class=\"btIconImageRow\" ><div class=\"btIco borderless extrasmall\"><span  data-ico-fa=\"&#xf0e0;\" class=\"btIcoHolder\"><span>Email : info@marsaship.com<\/span><\/span><\/div><\/div><div class=\"btClear btSeparator topSmallSpaced noBorder\" ><hr><\/div><\/div><\/div><\/div><\/div><\/div><\/div><\/section><\/div>","protected":false},"excerpt":{"rendered":"","protected":false},"author":2,"featured_media":0,"parent":0,"menu_order":0,"comment_status":"closed","ping_status":"closed","template":"","meta":{"footnotes":""},"class_list":["post-2747","page","type-page","status-publish","hentry"],"_links":{"self":[{"href":"https:\/\/marsaship.com\/fr\/wp-json\/wp\/v2\/pages\/2747","targetHints":{"allow":["GET"]}}],"collection":[{"href":"https:\/\/marsaship.com\/fr\/wp-json\/wp\/v2\/pages"}],"about":[{"href":"https:\/\/marsaship.com\/fr\/wp-json\/wp\/v2\/types\/page"}],"author":[{"embeddable":true,"href":"https:\/\/marsaship.com\/fr\/wp-json\/wp\/v2\/users\/2"}],"replies":[{"embeddable":true,"href":"https:\/\/marsaship.com\/fr\/wp-json\/wp\/v2\/comments?post=2747"}],"version-history":[{"count":2,"href":"https:\/\/marsaship.com\/fr\/wp-json\/wp\/v2\/pages\/2747\/revisions"}],"predecessor-version":[{"id":2784,"href":"https:\/\/marsaship.com\/fr\/wp-json\/wp\/v2\/pages\/2747\/revisions\/2784"}],"wp:attachment":[{"href":"https:\/\/marsaship.com\/fr\/wp-json\/wp\/v2\/media?parent=2747"}],"curies":[{"name":"wp","href":"https:\/\/api.w.org\/{rel}","templated":true}]}}