{"id":2757,"date":"2023-10-15T11:34:07","date_gmt":"2023-10-15T11:34:07","guid":{"rendered":"https:\/\/marsaship.com\/iso-tanks-3\/"},"modified":"2023-12-21T09:16:46","modified_gmt":"2023-12-21T09:16:46","slug":"reservoirs-iso","status":"publish","type":"page","link":"https:\/\/marsaship.com\/fr\/reservoirs-iso\/","title":{"rendered":"ISO Tanks"},"content":{"rendered":"<div class=\"bt_rc_container\"><section id=\"bt_section69e750b3b0cff\" data-parallax=\"0.1\" data-parallax-offset=\"-50\" class=\"boldSection topExtraSpaced bottomSpaced btDarkSkin gutter btMiddleVertical btParallax wBackground cover\" style=\"background-image:url('https:\/\/marsaship.com\/wp-content\/uploads\/2023\/11\/isotank-marsaship.jpg');\"><div class=\"port\"><div class=\"boldCell\"><div class=\"boldCellInner\"><div class=\"boldRow \" ><div class=\"rowItem col-md-12 col-ms-12  btTextLeft animate animate-fadein animate-moveleft inherit\"  ><div class=\"rowItemContent\"><header class=\"header btClear extralarge btDash bottomDash  btAccentDash btRegularTitle\" style=\"max-width: 800px;\"><p class=\"btSuperTitle\">C&rsquo;est l&rsquo;endroit id\u00e9al<\/p><div class=\"dash\"><h1><span class=\"headline\">ISO TANKS<\/span><\/h1><\/div><p class=\"btSubTitle\">En mati\u00e8re de logistique des liquides, Marsaship red\u00e9finit le paradigme avec son service sp\u00e9cialis\u00e9 ISO Tank. Depuis 2007, nous sommes \u00e0 la pointe de l&rsquo;innovation, offrant un service s\u00fbr, efficace et respectueux de l&rsquo;environnement.<\/p><\/header><div class=\"btClear btSeparator bottomSemiSpaced noBorder\" ><hr><\/div><div class=\"btBtn btBtn btnFilled btnAccentColor btnSmall btnNormal btnIco\" ><div class=\"btIco borderless extrasmall\"><a href=\"#\"  data-ico-fa=\"&#xf0e5;\" class=\"btIcoHolder\"><span>Contactez-nous<\/span><\/a><\/div><\/div><div class=\"btBtn btBtn btnFilled btnNormalColor btnSmall btnNormal btnIco\" ><div class=\"btIco borderless extrasmall\"><a href=\"#\"  data-ico-cs=\"&#xe61d;\" class=\"btIcoHolder\"><span>Nos services<\/span><\/a><\/div><\/div><\/div><\/div><\/div><\/div><\/div><\/div><\/section><section id=\"bt_section69e750b3b1915\"  class=\"boldSection topSpaced bottomSemiSpaced gutter inherit\" ><div class=\"port\"><div class=\"boldCell\"><div class=\"boldCellInner\"><div class=\"boldRow \" ><div class=\"rowItem col-md-9 col-ms-12  btTextLeft\"  ><div class=\"rowItemContent\"><header class=\"header btClear medium  btAccentDash btRegularTitle\" ><p class=\"btSuperTitle\">MarSaship ISO Tank Services:<\/p><div class=\"dash\"><h3><span class=\"headline\">Liquid Logistics, Delivered to Perfection<\/span><\/h3><\/div><\/header><div class=\"btClear btSeparator topSmallSpaced noBorder\" ><hr><\/div><div class=\"slided smallSliderHeight btSliderHideArrows\"  data-slick='{\"autoplay\":true,\"autoplaySpeed\":3000,\"pauseOnHover\":false,\"pauseOnDotsHover\":true}'><div class=\"slidedItem firstItem\"  data-thumb=\"https:\/\/marsaship.com\/wp-content\/uploads\/2023\/11\/isotank-320x149.jpg\"><div class=\"btSliderPort wBackground cover\" style=\"background-image: url('https:\/\/marsaship.com\/wp-content\/uploads\/2023\/11\/isotank.jpg')\"><div class=\"btSliderCell\" data-slick=\"yes\"><div class=\"btSlideGutter\"><div class=\"btSlidePane\"><\/div><\/div><\/div><\/div><\/div><\/div><div class=\"btClear btSeparator topSmallSpaced noBorder\" ><hr><\/div><div class=\"btText\"><h3>ISO Tanks: Liquid Logistics RedefinedR\u00e9servoirs ISO : La logistique des liquides red\u00e9finie avec Marsaship with Marsaship<\/h3>\n<p>En mati\u00e8re de logistique des liquides, Marsaship red\u00e9finit le paradigme avec son service sp\u00e9cialis\u00e9 ISO Tank. Depuis 2007, nous sommes \u00e0 la pointe de l&rsquo;innovation, offrant une solution s\u00fbre, efficace et respectueuse de l&rsquo;environnement pour le transport d&rsquo;un large \u00e9ventail de liquides.<\/p>\n<h3>Con\u00e7u pour la polyvalence des liquides<\/h3>\n<p>Les r\u00e9servoirs ISO de Marsaship sont l&rsquo;exemple m\u00eame de l&rsquo;adaptabilit\u00e9. Ils accueillent en toute transparence un large \u00e9ventail de cargaisons liquides, allant des produits alimentaires d\u00e9licats aux produits chimiques industriels exigeants. Con\u00e7us pour s&rsquo;int\u00e9grer sans effort dans les conteneurs ISO standard, ils permettent une transition fluide entre les diff\u00e9rents modes de transport.<\/p>\n<h3>La s\u00e9curit\u00e9 : une base, pas une r\u00e9flexion apr\u00e8s coup<\/h3>\n<p>La s\u00e9curit\u00e9 n&rsquo;est pas qu&rsquo;un simple protocole ; elle fait partie int\u00e9grante des activit\u00e9s de Marsaship. Fabriqu\u00e9s \u00e0 partir de mat\u00e9riaux de premi\u00e8re qualit\u00e9, conformes aux normes industrielles, nos r\u00e9servoirs ISO sont dot\u00e9s de dispositifs de s\u00e9curit\u00e9 de pointe. Cela garantit une d\u00e9fense imp\u00e9n\u00e9trable contre les fuites, la contamination et les dommages pendant le transport.<\/p>\n<\/div><div class=\"btClear btSeparator topSmallSpaced noBorder\" ><hr><\/div><div class=\"btText\"><h3>Le temps, c&rsquo;est de l&rsquo;argent &#8211; Nous optimisons les deux<\/h3>\n<p>Sachant que le temps est un facteur critique dans le monde de la logistique, le service ISO Tank de Marsaship est finement r\u00e9gl\u00e9 pour un chargement rapide, un d\u00e9chargement sans faille et une manutention efficace. Ce souci d&rsquo;efficacit\u00e9 permet de minimiser les temps d&rsquo;arr\u00eat et de garantir la livraison ponctuelle de vos produits.<\/p>\n<h3>Durabilit\u00e9 : Plus qu&rsquo;un simple mot \u00e0 la mode<\/h3>\n<p>Chez Marsaship, nous nous engageons \u00e0 laisser une empreinte positive sur l&rsquo;environnement. Nos cuves ISO sont con\u00e7ues pour \u00eatre r\u00e9utilis\u00e9es et recycl\u00e9es, ce qui permet de r\u00e9duire consid\u00e9rablement les d\u00e9chets et l&#8217;empreinte \u00e9cologique li\u00e9s au transport des liquides.<\/p>\n<h3>BRAID : Quand l&rsquo;excellence rencontre l&rsquo;expertise<\/h3>\n<p>En partenariat avec BRAID, nous proposons les r\u00e9servoirs ISO les plus avanc\u00e9s au monde, dot\u00e9s de la technologie Hexapoure. Ces r\u00e9servoirs t\u00e9moignent de la force, de la s\u00e9curit\u00e9 et de la puret\u00e9. Pour tous ceux qui exigent une s\u00e9curit\u00e9 et une qualit\u00e9 sans compromis, BRAID est le partenaire historique sur lequel vous pouvez compter.<\/p>\n<h3>L&rsquo;excellence de bout en bout, garantie<\/h3>\n<p>D\u00e8s que votre cargaison est confi\u00e9e \u00e0 Marsaship, elle est entre les mains d&rsquo;experts d\u00e9vou\u00e9s \u00e0 la pr\u00e9cision et au soin. En collaboration avec nos partenaires internationaux, nous veillons \u00e0 ce que votre cargaison liquide arrive en toute s\u00e9curit\u00e9 et en temps voulu \u00e0 sa destination finale.<\/p>\n<p>Choisissez Marsaship pour des services ISO Tank qui ne se contentent pas de r\u00e9pondre aux normes de l&rsquo;industrie, mais qui les red\u00e9finissent. Faites l&rsquo;exp\u00e9rience d&rsquo;une logistique liquide qui allie s\u00e9curit\u00e9, polyvalence, efficacit\u00e9 et responsabilit\u00e9 environnementale.<\/p>\n<\/div><div class=\"btClear btSeparator topSmallSpaced noBorder\" ><hr><\/div><\/div><\/div><div class=\"rowItem col-md-3 col-sm-6 col-ms-12 btTextLeft inherit btDoublePadding\"  ><div class=\"rowItemContent\"><header class=\"header btClear small  btAccentDash btRegularTitle\" ><p class=\"btSuperTitle\">LIRE LA SUITE<\/p><div class=\"dash\"><h4><span class=\"headline\">AUTRES SERVICES<\/span><\/h4><\/div><\/header><div class=\"btCustomMenu \" ><div class=\"menu-services-menu-container\"><ul id=\"menu-services-menu\" class=\"menu\"><li id=\"menu-item-1152\" class=\"menu-item menu-item-type-post_type menu-item-object-page menu-item-1152\"><a href=\"https:\/\/marsaship.com\/services\/flexitanks\/\">Flexitanks<\/a><\/li><li id=\"menu-item-1150\" class=\"menu-item menu-item-type-post_type menu-item-object-page menu-item-1150\"><a href=\"https:\/\/marsaship.com\/services\/ibc-drums\/\">IBC et barils<\/a><\/li><li id=\"menu-item-1149\" class=\"menu-item menu-item-type-post_type menu-item-object-page menu-item-1149\"><a href=\"https:\/\/marsaship.com\/services\/full-container\/\">Conteneur complet<\/a><\/li><li id=\"menu-item-2141\" class=\"menu-item menu-item-type-post_type menu-item-object-page menu-item-2141\"><a href=\"https:\/\/marsaship.com\/services\/iso-tanks\/\">ISO Tanks<\/a><\/li><li id=\"menu-item-2142\" class=\"menu-item menu-item-type-post_type menu-item-object-page menu-item-2142\"><a href=\"https:\/\/marsaship.com\/services\/oversized-loads\/\">Charges surdimensionn\u00e9es<\/a><\/li><li id=\"menu-item-2143\" class=\"menu-item menu-item-type-post_type menu-item-object-page menu-item-2143\"><a href=\"https:\/\/marsaship.com\/services\/less-container\/\">Conteneur r\u00e9duit<\/a><\/li><li id=\"menu-item-2491\" class=\"menu-item menu-item-type-post_type menu-item-object-page menu-item-2491\"><a href=\"https:\/\/marsaship.com\/services\/cross-booking\/\">R\u00e9servation crois\u00e9e<\/a><\/li><li id=\"menu-item-2526\" class=\"menu-item menu-item-type-post_type menu-item-object-page menu-item-2526\"><a href=\"https:\/\/marsaship.com\/nos-realisation\/\">Nos r\u00e9alisations<\/a><\/li>\n<\/ul><\/div><\/div><div class=\"btClear btSeparator topSemiSpaced noBorder\" ><hr><\/div><header class=\"header btClear small  btAccentDash btRegularTitle\" ><p class=\"btSuperTitle\">T\u00c9L\u00c9CHARGER LA SECTION<\/p><div class=\"dash\"><h4><span class=\"headline\">BROCHURES<\/span><\/h4><\/div><\/header><div class=\"btBtn btBtn btnOutline btnLightColor btnSmall btnFull btnIco\" ><div class=\"btIco borderless extrasmall\"><a href=\"http:\/\/http:\/\/www.google.com\"  target=\"_blank\"  data-ico-fa=\"&#xf1c1;\" class=\"btIcoHolder\"><span>Brochure des services<\/span><\/a><\/div><\/div><div class=\"btClear btSeparator topSpaced noBorder\" ><hr><\/div><header class=\"header btClear small  btAccentDash btRegularTitle\" ><div class=\"dash\"><h4><span class=\"headline\">CONTACTEZ NOUS<\/span><\/h4><\/div><\/header><div class=\"btIconImageRow\" ><div class=\"btIco borderless extrasmall\"><span  data-ico-fa=\"&#xf098;\" class=\"btIcoHolder\"><span>T\u00e9l\u00e9phone : +216 52 270 236<\/span><\/span><\/div><\/div><div class=\"btIconImageRow\" ><div class=\"btIco borderless extrasmall\"><span  data-ico-fa=\"&#xf0e0;\" class=\"btIcoHolder\"><span>Email : info@marsaship.com<\/span><\/span><\/div><\/div><div class=\"btClear btSeparator topSmallSpaced noBorder\" ><hr><\/div><\/div><\/div><\/div><\/div><\/div><\/div><\/section><\/div>","protected":false},"excerpt":{"rendered":"","protected":false},"author":1,"featured_media":0,"parent":0,"menu_order":0,"comment_status":"closed","ping_status":"closed","template":"","meta":{"footnotes":""},"class_list":["post-2757","page","type-page","status-publish","hentry"],"_links":{"self":[{"href":"https:\/\/marsaship.com\/fr\/wp-json\/wp\/v2\/pages\/2757","targetHints":{"allow":["GET"]}}],"collection":[{"href":"https:\/\/marsaship.com\/fr\/wp-json\/wp\/v2\/pages"}],"about":[{"href":"https:\/\/marsaship.com\/fr\/wp-json\/wp\/v2\/types\/page"}],"author":[{"embeddable":true,"href":"https:\/\/marsaship.com\/fr\/wp-json\/wp\/v2\/users\/1"}],"replies":[{"embeddable":true,"href":"https:\/\/marsaship.com\/fr\/wp-json\/wp\/v2\/comments?post=2757"}],"version-history":[{"count":3,"href":"https:\/\/marsaship.com\/fr\/wp-json\/wp\/v2\/pages\/2757\/revisions"}],"predecessor-version":[{"id":2782,"href":"https:\/\/marsaship.com\/fr\/wp-json\/wp\/v2\/pages\/2757\/revisions\/2782"}],"wp:attachment":[{"href":"https:\/\/marsaship.com\/fr\/wp-json\/wp\/v2\/media?parent=2757"}],"curies":[{"name":"wp","href":"https:\/\/api.w.org\/{rel}","templated":true}]}}