{"id":2760,"date":"2023-10-15T11:32:51","date_gmt":"2023-10-15T11:32:51","guid":{"rendered":"https:\/\/marsaship.com\/charges-surdimensionnees\/"},"modified":"2023-12-21T09:14:13","modified_gmt":"2023-12-21T09:14:13","slug":"charges-surdimensionnees","status":"publish","type":"page","link":"https:\/\/marsaship.com\/fr\/charges-surdimensionnees\/","title":{"rendered":"Charges surdimensionn\u00e9es"},"content":{"rendered":"<div class=\"bt_rc_container\"><section id=\"bt_section69e7652e95e8d\" data-parallax=\"0.1\" data-parallax-offset=\"-50\" class=\"boldSection topExtraSpaced bottomSpaced btDarkSkin gutter btMiddleVertical btParallax wBackground cover\" style=\"background-image:url('https:\/\/marsaship.com\/wp-content\/uploads\/2023\/11\/oversized-loader-marsaship2.jpg');\"><div class=\"port\"><div class=\"boldCell\"><div class=\"boldCellInner\"><div class=\"boldRow \" ><div class=\"rowItem col-md-12 col-ms-12  btTextLeft animate animate-fadein animate-moveleft inherit\"  ><div class=\"rowItemContent\"><header class=\"header btClear extralarge btDash bottomDash  btAccentDash btRegularTitle\" style=\"max-width: 800px;\"><p class=\"btSuperTitle\">C&rsquo;est le bon endroit<\/p><div class=\"dash\"><h1><span class=\"headline\">CHARGES SURDIMENSIONN\u00c9ES<\/span><\/h1><\/div><p class=\"btSubTitle\">Dans le domaine de la logistique, Marsaship fait figure de phare de l&rsquo;innovation, en relevant sans crainte le d\u00e9fi des chargements surdimensionn\u00e9s. Depuis 2007, nous sommes \u00e0 l&rsquo;avant-garde, offrant un service sp\u00e9cialis\u00e9 con\u00e7u pour r\u00e9pondre aux exigences uniques du transport de cargaisons massives et non conventionnelles.<\/p><\/header><div class=\"btClear btSeparator bottomSemiSpaced noBorder\" ><hr><\/div><div class=\"btBtn btBtn btnFilled btnAccentColor btnSmall btnNormal btnIco\" ><div class=\"btIco borderless extrasmall\"><a href=\"#\"  data-ico-fa=\"&#xf0e5;\" class=\"btIcoHolder\"><span>Contactez-nous<\/span><\/a><\/div><\/div><div class=\"btBtn btBtn btnOutline btnIconLeftPosition btnLightColor btnSmall btnNormal btnIco\" ><div class=\"btIco borderless extrasmall\"><a href=\"#\"  data-ico-cs=\"&#xe61d;\" class=\"btIcoHolder\"><span>Nos Services<\/span><\/a><\/div><\/div><\/div><\/div><\/div><\/div><\/div><\/div><\/section><section id=\"bt_section69e7652e96668\"  class=\"boldSection topSpaced bottomSemiSpaced gutter inherit\" ><div class=\"port\"><div class=\"boldCell\"><div class=\"boldCellInner\"><div class=\"boldRow \" ><div class=\"rowItem col-md-9 col-ms-12  btTextLeft\"  ><div class=\"rowItemContent\"><header class=\"header btClear medium  btAccentDash btRegularTitle\" ><p class=\"btSuperTitle\">Handling the Weight of Your Success<\/p><div class=\"dash\"><h3><span class=\"headline\">OVERSIZED LOADS<\/span><\/h3><\/div><\/header><div class=\"btClear btSeparator topSmallSpaced noBorder\" ><hr><\/div><div class=\"slided smallSliderHeight btSliderHideArrows\"  data-slick='{\"autoplay\":true,\"autoplaySpeed\":3000,\"pauseOnHover\":false,\"pauseOnDotsHover\":true}'><div class=\"slidedItem firstItem\"  data-thumb=\"https:\/\/marsaship.com\/wp-content\/uploads\/2023\/11\/oversize-load-320x149.jpg\"><div class=\"btSliderPort wBackground cover\" style=\"background-image: url('https:\/\/marsaship.com\/wp-content\/uploads\/2023\/11\/oversize-load.jpg')\"><div class=\"btSliderCell\" data-slick=\"yes\"><div class=\"btSlideGutter\"><div class=\"btSlidePane\"><\/div><\/div><\/div><\/div><\/div><\/div><div class=\"btClear btSeparator topSmallSpaced noBorder\" ><hr><\/div><div class=\"btClear btSeparator topSmallSpaced noBorder\" ><hr><\/div><div class=\"btText\"><h3>Marsaship ma\u00eetrise le monumental<\/h3>\n<p>Dans le domaine de la logistique, Marsaship fait figure de phare en mati\u00e8re d&rsquo;innovation, en relevant sans crainte le d\u00e9fi des chargements surdimensionn\u00e9s. Depuis 2007, nous sommes \u00e0 l&rsquo;avant-garde, offrant un service sp\u00e9cialis\u00e9 con\u00e7u pour r\u00e9pondre aux exigences uniques du transport de cargaisons massives et non conventionnelles.<\/p>\n<h3>Pr\u00e9cision dans la manutention de cargaisons gigantesques<\/h3>\n<p>Marsaship excelle dans l&rsquo;art de g\u00e9rer les chargements surdimensionn\u00e9s. Qu&rsquo;il s&rsquo;agisse de machines industrielles, d&rsquo;\u00e9quipements \u00e0 grande \u00e9chelle ou d&rsquo;autres articles colossaux, nous disposons de l&rsquo;expertise et de l&rsquo;\u00e9quipement n\u00e9cessaires pour garantir qu&rsquo;ils arrivent \u00e0 destination en toute s\u00e9curit\u00e9.<\/p>\n<h3>Des mesures de s\u00e9curit\u00e9 qui tiennent la route<\/h3>\n<p>La s\u00e9curit\u00e9 n&rsquo;est pas une r\u00e9flexion apr\u00e8s coup, mais un principe fondamental chez Marsaship. Nous mettons en \u0153uvre des protocoles de s\u00e9curit\u00e9 robustes sp\u00e9cialement con\u00e7us pour les charges surdimensionn\u00e9es. Cela permet de s&rsquo;assurer que chaque \u00e9tape du voyage est m\u00e9ticuleusement planifi\u00e9e et ex\u00e9cut\u00e9e afin de minimiser les risques et de garantir la s\u00e9curit\u00e9 du transport.<\/p>\n<\/div><div class=\"btClear btSeparator topSemiSpaced noBorder\" ><hr><\/div><div class=\"btText\"><h3>Con\u00e7u pour \u00eatre efficace, m\u00eame \u00e0 grande \u00e9chelle<\/h3>\n<p>Nous comprenons que le temps est un facteur essentiel lorsqu&rsquo;il s&rsquo;agit de charges surdimensionn\u00e9es. L&rsquo;\u00e9quipement sp\u00e9cialis\u00e9 et l&rsquo;\u00e9quipe bien form\u00e9e de Marsaship sont parfaitement adapt\u00e9s au chargement, au transit et au d\u00e9chargement efficaces des cargaisons les plus volumineuses. Cette volont\u00e9 d&rsquo;efficacit\u00e9 signifie que votre chargement surdimensionn\u00e9 arrive \u00e0 temps, \u00e0 chaque fois.<\/p>\n<h3>Des \u00e9conomies d&rsquo;\u00e9chelle sans sacrifier la s\u00e9curit\u00e9<\/h3>\n<p>Notre service de chargements surdimensionn\u00e9s est synonyme de rentabilit\u00e9. Marsaship optimise l&rsquo;utilisation de l&rsquo;espace de chargement tout en pr\u00e9servant l&rsquo;int\u00e9grit\u00e9 de votre cargaison. Cela signifie que vous tirez le meilleur parti de votre budget d&rsquo;exp\u00e9dition sans compromettre la s\u00e9curit\u00e9.<\/p>\n<h3>La responsabilit\u00e9 environnementale, quelle que soit la taille<\/h3>\n<p>La durabilit\u00e9 n&rsquo;est pas seulement r\u00e9serv\u00e9e aux cargaisons de taille standard. Marsaship s&rsquo;engage \u00e0 minimiser l&rsquo;impact environnemental du transport de charges surdimensionn\u00e9es. Nous explorons des solutions innovantes pour r\u00e9duire les d\u00e9chets et les \u00e9missions associ\u00e9s \u00e0 ces exp\u00e9ditions plus grandes que nature.<\/p>\n<h3>De l&rsquo;encombrant au brillant : L&rsquo;engagement de Marsaship en faveur de l&rsquo;excellence<\/h3>\n<p>D\u00e8s que vos marchandises surdimensionn\u00e9es sont confi\u00e9es \u00e0 Marsaship, vous pouvez \u00eatre s\u00fbr qu&rsquo;elles sont entre les mains d&rsquo;experts d\u00e9vou\u00e9s \u00e0 la pr\u00e9cision et au soin. Notre \u00e9quipe, en collaboration avec nos partenaires internationaux, veille \u00e0 ce que votre cargaison colossale arrive \u00e0 temps et en toute s\u00e9curit\u00e9 \u00e0 sa destination finale.<\/p>\n<\/div><\/div><\/div><div class=\"rowItem col-md-3 col-sm-6 col-ms-12 btTextLeft inherit btDoublePadding\"  ><div class=\"rowItemContent\"><header class=\"header btClear small  btAccentDash btRegularTitle\" ><p class=\"btSuperTitle\">LIRE LA SUITE<\/p><div class=\"dash\"><h4><span class=\"headline\">AUTRES SERVICES<\/span><\/h4><\/div><\/header><div class=\"btCustomMenu \" ><div class=\"menu-services-menu-container\"><ul id=\"menu-services-menu\" class=\"menu\"><li id=\"menu-item-1152\" class=\"menu-item menu-item-type-post_type menu-item-object-page menu-item-1152\"><a href=\"https:\/\/marsaship.com\/services\/flexitanks\/\">Flexitanks<\/a><\/li><li id=\"menu-item-1150\" class=\"menu-item menu-item-type-post_type menu-item-object-page menu-item-1150\"><a href=\"https:\/\/marsaship.com\/services\/ibc-drums\/\">IBC et barils<\/a><\/li><li id=\"menu-item-1149\" class=\"menu-item menu-item-type-post_type menu-item-object-page menu-item-1149\"><a href=\"https:\/\/marsaship.com\/services\/full-container\/\">Conteneur complet<\/a><\/li><li id=\"menu-item-2141\" class=\"menu-item menu-item-type-post_type menu-item-object-page menu-item-2141\"><a href=\"https:\/\/marsaship.com\/services\/iso-tanks\/\">ISO Tanks<\/a><\/li><li id=\"menu-item-2142\" class=\"menu-item menu-item-type-post_type menu-item-object-page menu-item-2142\"><a href=\"https:\/\/marsaship.com\/services\/oversized-loads\/\">Charges surdimensionn\u00e9es<\/a><\/li><li id=\"menu-item-2143\" class=\"menu-item menu-item-type-post_type menu-item-object-page menu-item-2143\"><a href=\"https:\/\/marsaship.com\/services\/less-container\/\">Conteneur r\u00e9duit<\/a><\/li><li id=\"menu-item-2491\" class=\"menu-item menu-item-type-post_type menu-item-object-page menu-item-2491\"><a href=\"https:\/\/marsaship.com\/services\/cross-booking\/\">R\u00e9servation crois\u00e9e<\/a><\/li><li id=\"menu-item-2526\" class=\"menu-item menu-item-type-post_type menu-item-object-page menu-item-2526\"><a href=\"https:\/\/marsaship.com\/nos-realisation\/\">Nos r\u00e9alisations<\/a><\/li>\n<\/ul><\/div><\/div><div class=\"btClear btSeparator topSemiSpaced noBorder\" ><hr><\/div><header class=\"header btClear small  btAccentDash btRegularTitle\" ><p class=\"btSuperTitle\">T\u00c9L\u00c9CHARGER LA SECTION<\/p><div class=\"dash\"><h4><span class=\"headline\">BROCHURES<\/span><\/h4><\/div><\/header><div class=\"btBtn btBtn btnOutline btnLightColor btnSmall btnFull btnIco\" ><div class=\"btIco borderless extrasmall\"><a href=\"http:\/\/http:\/\/www.google.com\"  target=\"_blank\"  data-ico-fa=\"&#xf1c1;\" class=\"btIcoHolder\"><span>Service Brochure<\/span><\/a><\/div><\/div><div class=\"btClear btSeparator topExtraSmallSpaced noBorder\" ><hr><\/div><div class=\"btBtn btBtn btnOutline btnLightColor btnSmall btnFull btnIco\" ><div class=\"btIco borderless extrasmall\"><a href=\"http:\/\/http:\/\/www.google.com\"  target=\"_blank\"  data-ico-fa=\"&#xf1ec;\" class=\"btIcoHolder\"><span>Taux par pays<\/span><\/a><\/div><\/div><div class=\"btClear btSeparator topSpaced noBorder\" ><hr><\/div><header class=\"header btClear small  btAccentDash btRegularTitle\" ><div class=\"dash\"><h4><span class=\"headline\">CONTACTEZ NOUS<\/span><\/h4><\/div><\/header><div class=\"btIconImageRow\" ><div class=\"btIco borderless extrasmall\"><span  data-ico-fa=\"&#xf098;\" class=\"btIcoHolder\"><span>T\u00e9l\u00e9phone : +216 52 270 236<\/span><\/span><\/div><\/div><div class=\"btIconImageRow\" ><div class=\"btIco borderless extrasmall\"><span  data-ico-fa=\"&#xf0e0;\" class=\"btIcoHolder\"><span>Email : info@marsaship.com<\/span><\/span><\/div><\/div><div class=\"btClear btSeparator topSmallSpaced noBorder\" ><hr><\/div><\/div><\/div><\/div><\/div><\/div><\/div><\/section><\/div>","protected":false},"excerpt":{"rendered":"","protected":false},"author":1,"featured_media":0,"parent":0,"menu_order":0,"comment_status":"closed","ping_status":"closed","template":"","meta":{"footnotes":""},"class_list":["post-2760","page","type-page","status-publish","hentry"],"_links":{"self":[{"href":"https:\/\/marsaship.com\/fr\/wp-json\/wp\/v2\/pages\/2760","targetHints":{"allow":["GET"]}}],"collection":[{"href":"https:\/\/marsaship.com\/fr\/wp-json\/wp\/v2\/pages"}],"about":[{"href":"https:\/\/marsaship.com\/fr\/wp-json\/wp\/v2\/types\/page"}],"author":[{"embeddable":true,"href":"https:\/\/marsaship.com\/fr\/wp-json\/wp\/v2\/users\/1"}],"replies":[{"embeddable":true,"href":"https:\/\/marsaship.com\/fr\/wp-json\/wp\/v2\/comments?post=2760"}],"version-history":[{"count":3,"href":"https:\/\/marsaship.com\/fr\/wp-json\/wp\/v2\/pages\/2760\/revisions"}],"predecessor-version":[{"id":2781,"href":"https:\/\/marsaship.com\/fr\/wp-json\/wp\/v2\/pages\/2760\/revisions\/2781"}],"wp:attachment":[{"href":"https:\/\/marsaship.com\/fr\/wp-json\/wp\/v2\/media?parent=2760"}],"curies":[{"name":"wp","href":"https:\/\/api.w.org\/{rel}","templated":true}]}}