{"id":2763,"date":"2023-10-15T11:32:21","date_gmt":"2023-10-15T11:32:21","guid":{"rendered":"https:\/\/marsaship.com\/conteneur-reduit\/"},"modified":"2023-12-21T09:12:21","modified_gmt":"2023-12-21T09:12:21","slug":"conteneur-reduit","status":"publish","type":"page","link":"https:\/\/marsaship.com\/fr\/conteneur-reduit\/","title":{"rendered":"Conteneur r\u00e9duit"},"content":{"rendered":"<div class=\"bt_rc_container\"><section id=\"bt_section69e750670022a\" data-parallax=\"0.1\" data-parallax-offset=\"-50\" class=\"boldSection topExtraSpaced bottomSpaced btDarkSkin gutter btMiddleVertical btParallax wBackground cover\" style=\"background-image:url('https:\/\/marsaship.com\/wp-content\/uploads\/2023\/11\/Groupage-franchise.jpg');\"><div class=\"port\"><div class=\"boldCell\"><div class=\"boldCellInner\"><div class=\"boldRow \" ><div class=\"rowItem col-md-12 col-ms-12  btTextLeft animate animate-fadein animate-moveleft inherit\"  ><div class=\"rowItemContent\"><header class=\"header btClear extralarge btDash bottomDash  btAccentDash btRegularTitle\" style=\"max-width: 800px;\"><p class=\"btSuperTitle\">C&rsquo;est l&rsquo;endroit id\u00e9al<\/p><div class=\"dash\"><h1><span class=\"headline\">CONTENEUR R\u00c9DUIT<\/span><\/h1><\/div><p class=\"btSubTitle\">Chez Marsaship, nous comprenons que toutes les exp\u00e9ditions ne n\u00e9cessitent pas un conteneur complet. C&rsquo;est pourquoi nous proposons un service sp\u00e9cialis\u00e9 d&rsquo;exp\u00e9dition de petits conteneurs, m\u00e9ticuleusement con\u00e7u pour r\u00e9pondre aux besoins des cargaisons partag\u00e9es.<\/p><\/header><div class=\"btClear btSeparator bottomSemiSpaced noBorder\" ><hr><\/div><div class=\"btBtn btBtn btnFilled btnAccentColor btnSmall btnNormal btnIco\" ><div class=\"btIco borderless extrasmall\"><a href=\"#\"  data-ico-fa=\"&#xf0e5;\" class=\"btIcoHolder\"><span>Contactez-nous<\/span><\/a><\/div><\/div><div class=\"btBtn btBtn btnOutline btnIconLeftPosition btnLightColor btnSmall btnNormal btnIco\" ><div class=\"btIco borderless extrasmall\"><a href=\"#\"  data-ico-cs=\"&#xe61d;\" class=\"btIcoHolder\"><span>Nos services<\/span><\/a><\/div><\/div><\/div><\/div><\/div><\/div><\/div><\/div><\/section><section id=\"bt_section69e750670095a\"  class=\"boldSection topSpaced bottomSemiSpaced gutter inherit\" ><div class=\"port\"><div class=\"boldCell\"><div class=\"boldCellInner\"><div class=\"boldRow \" ><div class=\"rowItem col-md-9 col-ms-12  btTextLeft\"  ><div class=\"rowItemContent\"><header class=\"header btClear medium  btAccentDash btRegularTitle\" ><p class=\"btSuperTitle\">Efficient Logistics for Shared Cargo<\/p><div class=\"dash\"><h3><span class=\"headline\">Less container Shipping<\/span><\/h3><\/div><\/header><div class=\"btClear btSeparator topSmallSpaced noBorder\" ><hr><\/div><div class=\"slided smallSliderHeight btSliderHideArrows\"  data-slick='{\"autoplay\":true,\"autoplaySpeed\":3000,\"pauseOnHover\":false,\"pauseOnDotsHover\":true}'><div class=\"slidedItem firstItem\"  data-thumb=\"https:\/\/marsaship.com\/wp-content\/uploads\/2015\/10\/shutterstock_23064229-320x219.jpg\"><div class=\"btSliderPort wBackground cover\" style=\"background-image: url('https:\/\/marsaship.com\/wp-content\/uploads\/2015\/10\/shutterstock_23064229.jpg')\"><div class=\"btSliderCell\" data-slick=\"yes\"><div class=\"btSlideGutter\"><div class=\"btSlidePane\"><\/div><\/div><\/div><\/div><\/div><\/div><div class=\"btClear btSeparator topSmallSpaced noBorder\" ><hr><\/div><div class=\"btClear btSeparator topSmallSpaced noBorder\" ><hr><\/div><div class=\"btText\"><h3>Une logistique efficace pour le fret partag\u00e9<\/h3>\n<p>Chez Marsaship, nous comprenons que tous les envois ne n\u00e9cessitent pas un conteneur complet. C&rsquo;est pourquoi nous proposons un service sp\u00e9cialis\u00e9 d&rsquo;exp\u00e9dition de petits conteneurs, m\u00e9ticuleusement con\u00e7u pour r\u00e9pondre aux besoins des cargaisons partag\u00e9es. Depuis 2007, nous sommes \u00e0 l&rsquo;avant-garde de la fourniture de solutions rentables, efficaces et fiables pour les petits envois.<\/p>\n<h3>Le pouvoir de la consolidation<\/h3>\n<p>L&rsquo;exp\u00e9dition en conteneurs r\u00e9duits, \u00e9galement connue sous le nom de Less Than Container Load (LCL), consiste \u00e0 regrouper dans un seul conteneur des exp\u00e9ditions plus petites provenant de plusieurs clients. Cela vous permet de b\u00e9n\u00e9ficier d&rsquo;\u00e9conomies d&rsquo;\u00e9chelle tout en ne payant que pour l&rsquo;espace occup\u00e9 par votre cargaison.<\/p>\n<h3>Polyvalence dans la manutention des marchandises<\/h3>\n<p>Marsaship excelle dans l&rsquo;art de g\u00e9rer les cargaisons partag\u00e9es. Qu&rsquo;il s&rsquo;agisse d&rsquo;un petit lot de produits, d&rsquo;\u00e9quipements ou d&rsquo;autres marchandises, nous disposons de l&rsquo;expertise et du r\u00e9seau n\u00e9cessaires pour garantir qu&rsquo;ils arrivent \u00e0 destination de mani\u00e8re efficace et s\u00fbre.<\/p>\n<\/div><div class=\"btClear btSeparator topSemiSpaced noBorder\" ><hr><\/div><div class=\"btText\"><div class=\"flex-1 overflow-hidden\">\n<div class=\"react-scroll-to-bottom--css-xhctd-79elbk h-full\">\n<div class=\"react-scroll-to-bottom--css-xhctd-1n7m0yu\">\n<div class=\"flex flex-col text-sm gizmo:pb-9 dark:bg-gray-800 gizmo:dark:bg-transparent\">\n<div class=\"group w-full text-token-text-primary border-b border-black\/10 gizmo:border-0 dark:border-gray-900\/50 gizmo:dark:border-0 bg-gray-50 gizmo:bg-transparent dark:bg-&#091;#444654&#093; gizmo:dark:bg-transparent\" data-testid=\"conversation-turn-25\">\n<div class=\"p-4 gizmo:py-2 justify-center text-base md:gap-6 md:py-6 m-auto\">\n<div class=\"flex flex-1 gap-4 text-base mx-auto md:gap-6 gizmo:gap-3 gizmo:md:px-5 gizmo:lg:px-1 gizmo:xl:px-5 md:max-w-2xl lg:max-w-&#091;38rem&#093; gizmo:md:max-w-3xl gizmo:lg:max-w-&#091;40rem&#093; gizmo:xl:max-w-&#091;48rem&#093; xl:max-w-3xl }\">\n<div class=\"relative flex w-&#091;calc(100%-50px)&#093; flex-col gizmo:w-full lg:w-&#091;calc(100%-115px)&#093; agent-turn\">\n<div class=\"flex-col gap-1 md:gap-3\">\n<div class=\"flex flex-grow flex-col gap-3 max-w-full\">\n<div class=\"min-h-&#091;20px&#093; flex flex-col items-start gap-3 whitespace-pre-wrap break-words overflow-x-auto\" data-message-author-role=\"assistant\" data-message-id=\"68d46057-98a4-4a54-b856-66c077373595\">\n<div class=\"markdown prose w-full break-words dark:prose-invert dark\">\n<h3>La s\u00e9curit\u00e9 en chiffres<\/h3>\n<p>La s\u00e9curit\u00e9 est au premier plan de nos activit\u00e9s. Marsaship met en \u0153uvre des protocoles de s\u00e9curit\u00e9 rigoureux pour l&rsquo;exp\u00e9dition de conteneurs moins volumineux, garantissant que chaque article, aussi petit soit-il, est manipul\u00e9 avec soin. Cette approche m\u00e9ticuleuse minimise les risques et garantit la s\u00e9curit\u00e9 du transport des cargaisons partag\u00e9es.<\/p>\n<h3>Efficacit\u00e9, m\u00eame pour les petits envois<\/h3>\n<p>Le temps est pr\u00e9cieux, m\u00eame pour les petits envois. Le service Less container Shipping de Marsaship est optimis\u00e9 pour la consolidation, le transit et la d\u00e9consolidation rapides des cargaisons. Cette volont\u00e9 d&rsquo;efficacit\u00e9 signifie que votre fret partag\u00e9 arrive \u00e0 temps, \u00e0 chaque fois.<\/p>\n<h3>Des solutions rentables pour les petits envois<\/h3>\n<p>Notre service Less container Shipping est synonyme de rentabilit\u00e9. Marsaship optimise la consolidation des cargaisons pour r\u00e9duire les frais d&rsquo;exp\u00e9dition, vous permettant de b\u00e9n\u00e9ficier d&rsquo;un espace de conteneur partag\u00e9 sans compromettre la s\u00e9curit\u00e9.<\/p>\n<h3>La responsabilit\u00e9 environnementale, quelle que soit la taille<\/h3>\n<p>La durabilit\u00e9 n&rsquo;est pas r\u00e9serv\u00e9e aux op\u00e9rations \u00e0 grande \u00e9chelle. Marsaship s&rsquo;engage \u00e0 minimiser l&rsquo;impact environnemental du transport maritime de petits conteneurs. Nous explorons des solutions innovantes pour r\u00e9duire les d\u00e9chets et les \u00e9missions associ\u00e9s aux exp\u00e9ditions de fret partag\u00e9.<\/p>\n<h3>Un succ\u00e8s partag\u00e9 : L&rsquo;engagement de Marsaship en faveur de l&rsquo;excellence<\/h3>\n<p>D\u00e8s que votre cargaison partag\u00e9e est confi\u00e9e \u00e0 Marsaship, vous pouvez \u00eatre s\u00fbr qu&rsquo;elle est entre les mains d&rsquo;experts d\u00e9vou\u00e9s \u00e0 la pr\u00e9cision et au soin. Notre \u00e9quipe, en collaboration avec nos partenaires internationaux, veille \u00e0 ce que votre fret consolid\u00e9 arrive en toute s\u00e9curit\u00e9 et \u00e0 temps \u00e0 sa destination finale.<\/p>\n<p>Choisissez Marsaship pour des services d&rsquo;exp\u00e9dition de petits conteneurs qui offrent des solutions rentables, efficaces et s\u00fbres pour les petits envois. Faites l&rsquo;exp\u00e9rience de l&rsquo;excellence logistique qui maximise la valeur du fret partag\u00e9.<\/p>\n<\/div>\n<\/div>\n<\/div>\n<\/div>\n<\/div>\n<\/div>\n<\/div>\n<\/div>\n<\/div>\n<\/div>\n<\/div>\n<\/div>\n<\/div><div class=\"btClear btSeparator topSmallSpaced noBorder\" ><hr><\/div><\/div><\/div><div class=\"rowItem col-md-3 col-sm-6 col-ms-12 btTextLeft inherit btDoublePadding\"  ><div class=\"rowItemContent\"><header class=\"header btClear small  btAccentDash btRegularTitle\" ><p class=\"btSuperTitle\">LIRE LA SUITE<\/p><div class=\"dash\"><h4><span class=\"headline\">AUTRES SERVICES<\/span><\/h4><\/div><\/header><div class=\"btCustomMenu \" ><div class=\"menu-services-menu-container\"><ul id=\"menu-services-menu\" class=\"menu\"><li id=\"menu-item-1152\" class=\"menu-item menu-item-type-post_type menu-item-object-page menu-item-1152\"><a href=\"https:\/\/marsaship.com\/services\/flexitanks\/\">Flexitanks<\/a><\/li><li id=\"menu-item-1150\" class=\"menu-item menu-item-type-post_type menu-item-object-page menu-item-1150\"><a href=\"https:\/\/marsaship.com\/services\/ibc-drums\/\">IBC et barils<\/a><\/li><li id=\"menu-item-1149\" class=\"menu-item menu-item-type-post_type menu-item-object-page menu-item-1149\"><a href=\"https:\/\/marsaship.com\/services\/full-container\/\">Conteneur complet<\/a><\/li><li id=\"menu-item-2141\" class=\"menu-item menu-item-type-post_type menu-item-object-page menu-item-2141\"><a href=\"https:\/\/marsaship.com\/services\/iso-tanks\/\">ISO Tanks<\/a><\/li><li id=\"menu-item-2142\" class=\"menu-item menu-item-type-post_type menu-item-object-page menu-item-2142\"><a href=\"https:\/\/marsaship.com\/services\/oversized-loads\/\">Charges surdimensionn\u00e9es<\/a><\/li><li id=\"menu-item-2143\" class=\"menu-item menu-item-type-post_type menu-item-object-page menu-item-2143\"><a href=\"https:\/\/marsaship.com\/services\/less-container\/\">Conteneur r\u00e9duit<\/a><\/li><li id=\"menu-item-2491\" class=\"menu-item menu-item-type-post_type menu-item-object-page menu-item-2491\"><a href=\"https:\/\/marsaship.com\/services\/cross-booking\/\">R\u00e9servation crois\u00e9e<\/a><\/li><li id=\"menu-item-2526\" class=\"menu-item menu-item-type-post_type menu-item-object-page menu-item-2526\"><a href=\"https:\/\/marsaship.com\/nos-realisation\/\">Nos r\u00e9alisations<\/a><\/li>\n<\/ul><\/div><\/div><div class=\"btClear btSeparator topSemiSpaced noBorder\" ><hr><\/div><header class=\"header btClear small  btAccentDash btRegularTitle\" ><p class=\"btSuperTitle\">T\u00c9L\u00c9CHARGER LA SECTION<\/p><div class=\"dash\"><h4><span class=\"headline\">BROCHURES<\/span><\/h4><\/div><\/header><div class=\"btBtn btBtn btnOutline btnLightColor btnSmall btnFull btnIco\" ><div class=\"btIco borderless extrasmall\"><a href=\"http:\/\/http:\/\/www.google.com\"  target=\"_blank\"  data-ico-fa=\"&#xf1c1;\" class=\"btIcoHolder\"><span>Service Brochure<\/span><\/a><\/div><\/div><div class=\"btClear btSeparator topSpaced noBorder\" ><hr><\/div><header class=\"header btClear small  btAccentDash btRegularTitle\" ><div class=\"dash\"><h4><span class=\"headline\">CONTACTEZ NOUS<\/span><\/h4><\/div><\/header><div class=\"btIconImageRow\" ><div class=\"btIco borderless extrasmall\"><span  data-ico-fa=\"&#xf098;\" class=\"btIcoHolder\"><span>T\u00e9lephone : +216 52 270 236<\/span><\/span><\/div><\/div><div class=\"btIconImageRow\" ><div class=\"btIco borderless extrasmall\"><span  data-ico-fa=\"&#xf0e0;\" class=\"btIcoHolder\"><span>Email : info@marsaship.com<\/span><\/span><\/div><\/div><div class=\"btClear btSeparator topSmallSpaced noBorder\" ><hr><\/div><\/div><\/div><\/div><\/div><\/div><\/div><\/section><\/div>","protected":false},"excerpt":{"rendered":"","protected":false},"author":1,"featured_media":0,"parent":0,"menu_order":0,"comment_status":"closed","ping_status":"closed","template":"","meta":{"footnotes":""},"class_list":["post-2763","page","type-page","status-publish","hentry"],"_links":{"self":[{"href":"https:\/\/marsaship.com\/fr\/wp-json\/wp\/v2\/pages\/2763","targetHints":{"allow":["GET"]}}],"collection":[{"href":"https:\/\/marsaship.com\/fr\/wp-json\/wp\/v2\/pages"}],"about":[{"href":"https:\/\/marsaship.com\/fr\/wp-json\/wp\/v2\/types\/page"}],"author":[{"embeddable":true,"href":"https:\/\/marsaship.com\/fr\/wp-json\/wp\/v2\/users\/1"}],"replies":[{"embeddable":true,"href":"https:\/\/marsaship.com\/fr\/wp-json\/wp\/v2\/comments?post=2763"}],"version-history":[{"count":2,"href":"https:\/\/marsaship.com\/fr\/wp-json\/wp\/v2\/pages\/2763\/revisions"}],"predecessor-version":[{"id":2780,"href":"https:\/\/marsaship.com\/fr\/wp-json\/wp\/v2\/pages\/2763\/revisions\/2780"}],"wp:attachment":[{"href":"https:\/\/marsaship.com\/fr\/wp-json\/wp\/v2\/media?parent=2763"}],"curies":[{"name":"wp","href":"https:\/\/api.w.org\/{rel}","templated":true}]}}