{"id":2765,"date":"2023-11-04T12:07:06","date_gmt":"2023-11-04T12:07:06","guid":{"rendered":"https:\/\/marsaship.com\/sos-transit\/"},"modified":"2023-12-21T08:53:13","modified_gmt":"2023-12-21T08:53:13","slug":"sos-transit","status":"publish","type":"page","link":"https:\/\/marsaship.com\/fr\/sos-transit\/","title":{"rendered":"SOS Transit"},"content":{"rendered":"<div class=\"bt_rc_container\"><section id=\"bt_section69e752e837b5c\"  class=\"boldSection topExtraSpaced bottomMoreSpaced btDarkSkin gutter btMiddleVertical wBackground cover\" style=\"background-image:url('https:\/\/marsaship.com\/wp-content\/uploads\/2023\/11\/da6510a4fd-fotor-20231104131647.jpg');\"><div class=\"port\"><div class=\"boldCell\"><div class=\"boldCellInner\"><div class=\"boldRow \" ><div class=\"rowItem col-md-12 col-ms-12  btTextLeft inherit\"  ><div class=\"rowItemContent\"><header class=\"header btClear extralarge btDash bottomDash  btAccentDash btRegularTitle\" style=\"max-width: 800px;\"><p class=\"btSuperTitle\">MarsaShip<\/p><div class=\"dash\"><h1><span class=\"headline\">D\u00e9partement de transit international<\/span><\/h1><\/div><p class=\"btSubTitle\">La Soci\u00e9t\u00e9 d&rsquo;Organisation et de Services de Transit (SOS Transit), fond\u00e9e en 1984 par M. Ezzeddine Arfaoui, est une soci\u00e9t\u00e9 de courtage en douane distingu\u00e9e et agr\u00e9\u00e9e sous le num\u00e9ro 8. Notre expertise de plusieurs d\u00e9cennies nous a permis de consolider notre position de leader dans les domaines du transit national et international.<\/p><\/header><div class=\"btClear btSeparator bottomSemiSpaced noBorder\" ><hr><\/div><\/div><\/div><\/div><\/div><\/div><\/div><\/section><section id=\"bt_section69e752e838120\" data-parallax=\"0\" data-parallax-offset=\"0\" class=\"boldSection topSpaced bottomSpaced gutter inherit btParallax\" ><div class=\"port\"><div class=\"boldCell\"><div class=\"boldCellInner\"><div class=\"boldRow \" ><div class=\"rowItem col-sm-4 col-ms-12 btTextRight animate animate-fadein animate-moveright inherit btDoublePadding\"  ><div class=\"rowItemContent\"><div class=\"btClear btSeparator topSemiSpaced noBorder\" ><hr><\/div><header class=\"header btClear medium  btAccentDash btRegularTitle\" ><p class=\"btSuperTitle\">NOS SERVICES<\/p><div class=\"dash\"><h3><span class=\"headline\">NOS SERVICES DE TRANSIT<\/span><\/h3><\/div><\/header><\/div><\/div><div class=\"rowItem col-sm-4 col-ms-12 btTextLeft animate animate-fadein btHighlight inherit btDoublePadding\"  ><div class=\"rowItemContent\"><div class=\"btClear btSeparator topSemiSpaced noBorder\" ><hr><\/div><div class=\"servicesItem  mediumIcon borderlessIconType po\"><div class=\"sIcon\"><div class=\"btIco medium borderless\"><span  data-ico-cs=\"&#xe630;\" class=\"btIcoHolder\"><\/span><\/div><\/div><div class=\"sTxt\"><header class=\"header btClear extrasmall\" ><div class=\"dash\"><h4><span class=\"headline\">Courtage en douane<\/span><\/h4><\/div><\/header><p>Notre \u00e9quipe de d\u00e9clarants en douane exp\u00e9riment\u00e9s s&rsquo;engage \u00e0 vous guider \u00e0 travers les complexit\u00e9s des proc\u00e9dures douani\u00e8res, en vous garantissant une exp\u00e9rience sans faille pour vos besoins d&rsquo;importation et d&rsquo;exportation. Nous prenons en charge tous les aspects de la conformit\u00e9 douani\u00e8re, de la documentation et du d\u00e9douanement afin de vous faire gagner du temps et de rationaliser vos op\u00e9rations.<br><\/p><\/div><\/div><div class=\"btClear btSeparator topSemiSpaced noBorder\" ><hr><\/div><\/div><\/div><div class=\"rowItem col-sm-4 col-ms-12 btTextLeft animate animate-fadein btHighlight inherit btDoublePadding\"  ><div class=\"rowItemContent\"><div class=\"btClear btSeparator topSemiSpaced noBorder\" ><hr><\/div><div class=\"servicesItem  mediumIcon borderlessIconType po\"><div class=\"sIcon\"><div class=\"btIco medium borderless\"><span  data-ico-cs=\"&#xe64b;\" class=\"btIcoHolder\"><\/span><\/div><\/div><div class=\"sTxt\"><header class=\"header btClear extrasmall\" ><div class=\"dash\"><h4><span class=\"headline\">Transit national<\/span><\/h4><\/div><\/header><p>SOS Transit est sp\u00e9cialis\u00e9 dans la facilitation du mouvement des marchandises \u00e0 l&rsquo;int\u00e9rieur des fronti\u00e8res nationales. Nous fournissons une assistance compl\u00e8te pour tous vos besoins en mati\u00e8re de transport int\u00e9rieur, en veillant \u00e0 ce que votre cargaison atteigne sa destination de mani\u00e8re efficace.<br><\/p><\/div><\/div><div class=\"btClear btSeparator topSemiSpaced noBorder\" ><hr><\/div><\/div><\/div><\/div><div class=\"boldRow \" ><div class=\"rowItem col-md-12 col-ms-12  btTextRight animate animate-fadein animate-moveright inherit\"  ><div class=\"rowItemContent\"><div class=\"btClear btSeparator topSmallSpaced noBorder\" ><hr><\/div><\/div><\/div><\/div><div class=\"boldRow \" ><div class=\"rowItem col-sm-4 col-ms-12 btTextLeft animate animate-fadein btHighlight inherit btDoublePadding\"  ><div class=\"rowItemContent\"><div class=\"btClear btSeparator topSemiSpaced noBorder\" ><hr><\/div><div class=\"servicesItem  mediumIcon borderlessIconType po\"><div class=\"sIcon\"><div class=\"btIco medium borderless\"><span  data-ico-cs=\"&#xe60a;\" class=\"btIcoHolder\"><\/span><\/div><\/div><div class=\"sTxt\"><header class=\"header btClear extrasmall\" ><div class=\"dash\"><h4><span class=\"headline\">Transit international<\/span><\/h4><\/div><\/header><p>Pour les entreprises engag\u00e9es dans le commerce transfrontalier, SOS Transit offre une gamme compl\u00e8te de services pour faciliter la transition des marchandises \u00e0 travers les fronti\u00e8res internationales. Nous nous occupons de toutes les formalit\u00e9s administratives n\u00e9cessaires et assurons la liaison avec les autorit\u00e9s pour veiller \u00e0 ce que vos importations et exportations soient conformes aux r\u00e9glementations douani\u00e8res.<br><\/p><\/div><\/div><div class=\"btClear btSeparator topSemiSpaced noBorder\" ><hr><\/div><\/div><\/div><div class=\"rowItem col-sm-4 col-ms-12 btTextLeft animate animate-fadein btHighlight inherit btDoublePadding\"  ><div class=\"rowItemContent\"><div class=\"btClear btSeparator topSemiSpaced noBorder\" ><hr><\/div><div class=\"servicesItem  mediumIcon borderlessIconType po\"><div class=\"sIcon\"><div class=\"btIco medium borderless\"><span  data-ico-cs=\"&#xe648;\" class=\"btIcoHolder\"><\/span><\/div><\/div><div class=\"sTxt\"><header class=\"header btClear extrasmall\" ><div class=\"dash\"><h4><span class=\"headline\">Efficacit\u00e9 et rapidit\u00e9<\/span><\/h4><\/div><\/header><p>Nous sommes fiers de notre capacit\u00e9 \u00e0 acc\u00e9l\u00e9rer le processus de transit, en veillant \u00e0 ce que votre cargaison arrive \u00e0 destination en temps voulu. Notre \u00e9quipe conna\u00eet bien les subtilit\u00e9s des r\u00e9glementations douani\u00e8res et utilise des processus efficaces pour minimiser les retards.<br><\/p><\/div><\/div><div class=\"btClear btSeparator topSemiSpaced noBorder\" ><hr><\/div><\/div><\/div><div class=\"rowItem col-sm-4 col-ms-12 btTextLeft animate animate-fadein btHighlight inherit btDoublePadding\"  ><div class=\"rowItemContent\"><div class=\"btClear btSeparator topSemiSpaced noBorder\" ><hr><\/div><div class=\"servicesItem  mediumIcon borderlessIconType po\"><div class=\"sIcon\"><div class=\"btIco medium borderless\"><span  data-ico-cs=\"&#xe608;\" class=\"btIcoHolder\"><\/span><\/div><\/div><div class=\"sTxt\"><header class=\"header btClear extrasmall\" ><div class=\"dash\"><h4><span class=\"headline\">Approche centr\u00e9e sur le client<\/span><\/h4><\/div><\/header><p>Chez SOS Transit, nos clients sont notre priorit\u00e9. Nous nous engageons \u00e0 fournir un service exceptionnel, adapt\u00e9 \u00e0 vos besoins sp\u00e9cifiques. Nous nous engageons \u00e0 maintenir les plus hauts niveaux de professionnalisme, de transparence et d&rsquo;int\u00e9grit\u00e9 dans nos relations d&rsquo;affaires.<br><\/p><\/div><\/div><div class=\"btClear btSeparator topSemiSpaced noBorder\" ><hr><\/div><\/div><\/div><\/div><\/div><\/div><\/div><\/section><section id=\"bt_section69e752e8390f5\"  class=\"boldSection topSpaced bottomSpaced gutter inherit\" ><div class=\"port\"><div class=\"boldCell\"><div class=\"boldCellInner\"><div class=\"boldRow \" ><div class=\"rowItem col-sm-4 col-ms-12 btTextRight animate animate-fadein inherit btDoublePadding\"  ><div class=\"rowItemContent\"><header class=\"header btClear medium  btAccentDash btRegularTitle\" ><p class=\"btSuperTitle\">DES FAITS ET DES CHIFFRES<\/p><div class=\"dash\"><h3><span class=\"headline\">NOS HISTOIRES ET EXP\u00c9RIENCES<\/span><\/h3><\/div><\/header><\/div><\/div><div class=\"rowItem col-sm-4 col-ms-12 btTextLeft animate animate-fadein btTextIndent inherit btDoublePadding\"  ><div class=\"rowItemContent\"><div class=\"btText\"><p style=\"text-align: justify; text-align-last: left;\">Nous sommes heureux de souligner notre capacit\u00e9 \u00e0 g\u00e9rer efficacement les dossiers de transit de nos clients et nous nous r\u00e9jouissons de l&rsquo;occasion qui nous sera donn\u00e9e de vous ajouter \u00e0 notre liste de clients satisfaits. Nos services de transit garantissent non seulement un service de haute qualit\u00e9, mais aussi la rapidit\u00e9 et la pr\u00e9cision du traitement des dossiers.<br \/>\nEn choisissant les services d&rsquo;Our Transit, vous vous associez \u00e0 une entreprise qui excelle dans la simplification des processus douaniers complexes et dans la fourniture de solutions de bout en bout pour vos besoins logistiques. Nous sommes convaincus que nos services complets ne se contenteront pas de r\u00e9pondre \u00e0 vos attentes, mais qu&rsquo;ils les d\u00e9passeront. Bienvenue dans un monde de services de transport en commun efficaces et sans tracas avec SOS Transit.<\/p>\n<\/div><div class=\"btClear btSeparator bottomExtraSmallSpaced noBorder\" ><hr><\/div><\/div><\/div><div class=\"rowItem col-sm-4 col-ms-12 btTextLeft animate animate-fadein inherit\"  ><div class=\"rowItemContent\"><div class=\"btText\"><p style=\"text-align: justify; text-align-last: left;\">Chez SOS Transit, notre vision du d\u00e9partement Transit est d&rsquo;\u00eatre \u00e0 l&rsquo;avant-garde de la r\u00e9volution de la logistique commerciale. Notre objectif est de montrer la voie en fournissant des solutions innovantes, efficaces et centr\u00e9es sur le client qui simplifient et am\u00e9liorent l&rsquo;exp\u00e9rience du transit pour les entreprises impliqu\u00e9es dans le commerce national et international.<br \/>\nNotre vision est ancr\u00e9e dans l&rsquo;engagement de rester un partenaire de confiance pour nos clients, en fournissant les normes d&rsquo;excellence les plus \u00e9lev\u00e9es, tout en adoptant des technologies de pointe et des pratiques durables qui nous permettent de construire un avenir plus lumineux et plus interconnect\u00e9 pour le monde de la logistique et du courtage en douane.<\/p>\n<\/div><div class=\"btClear btSeparator topSmallSpaced noBorder\" ><hr><\/div><\/div><\/div><\/div><div class=\"boldRow \" ><div class=\"rowItem col-md-12 col-ms-12  btTextRight animate animate-fadein animate-moveright inherit\"  ><div class=\"rowItemContent\"><div class=\"btClear btSeparator topSmallSpaced noBorder\" ><hr><\/div><\/div><\/div><\/div><\/div><\/div><\/div><\/section><section id=\"bt_section69e752e839b4d\"  class=\"boldSection btDivider topSpaced bottomSpaced gutter inherit\" style=\"background-color:#ffffff;\"><div class=\"port\"><div class=\"boldCell\"><div class=\"boldCellInner\"><div class=\"boldRow \" ><div class=\"rowItem col-sm-4 col-ms-12 btTextRight animate animate-fadein btTextIndent inherit btDoublePadding\" style=\"transition-delay: 600ms;\" ><div class=\"rowItemContent\"><div class=\"btClear btSeparator topSmallSpaced noBorder\" ><hr><\/div><header class=\"header btClear medium  btAccentDash btRegularTitle\" ><p class=\"btSuperTitle\">RENCONTREZ-NOUS<\/p><div class=\"dash\"><h3><span class=\"headline\">Notre \u00e9quipe d\u00e9vou\u00e9e<\/span><\/h3><\/div><\/header><\/div><\/div><div class=\"rowItem col-sm-4 col-ms-12 btTextRight animate animate-fadein btHighlight inherit btDoublePadding\" style=\"transition-delay: 300ms;\" ><div class=\"rowItemContent\"><div class=\"btClear btSeparator topSmallSpaced noBorder\" ><hr><\/div><header class=\"header btClear small  btAccentDash btRegularTitle\" style=\"margin-bottom: 9px;\"><p class=\"btSuperTitle\">NOUS RECRUTONS, CLIQUEZ ICI POUR POSTULER !<\/p><\/header><div class=\"btBtn btBtn btnFilled btnIconLeftPosition btnAccentColor btnSmall btnNormal\" ><a href=\"https:\/\/marsaship.com\/contact-marsaship\/\">ENVOYER VOTRE CV<\/a><\/div><div class=\"btClear btSeparator topSmallSpaced noBorder\" ><hr><\/div><\/div><\/div><div class=\"rowItem col-sm-4 col-ms-12 btTextRight animate animate-fadein btHighlight inherit btDoublePadding\" style=\"transition-delay: 0;\" ><div class=\"rowItemContent\"><div class=\"btClear btSeparator topSmallSpaced noBorder\" ><hr><\/div><header class=\"header btClear small  btAccentDash btRegularTitle\" ><p class=\"btSuperTitle\">SUIVEZ-NOUS SUR LES R\u00c9SEAUX SOCIAUX<\/p><\/header><div class=\"btIconImageRow\" ><div class=\"btIco default extrasmall\"><a href=\"https:\/\/www.linkedin.com\/company\/marsaship\"  target=\"no_target\"  data-ico-fa=\"&#xf0e1;\" class=\"btIcoHolder\"><\/a><\/div><\/div><div class=\"btClear btSeparator topSmallSpaced noBorder\" ><hr><\/div><\/div><\/div><\/div><div class=\"boldRow \" ><div class=\"rowItem col-md-12 col-ms-12  btTextCenter inherit\"  ><div class=\"rowItemContent\"><div class=\"btClear btSeparator topSemiSpaced noBorder\" ><hr><\/div><\/div><\/div><\/div><\/div><\/div><\/div><\/section><\/div>","protected":false},"excerpt":{"rendered":"","protected":false},"author":1,"featured_media":0,"parent":0,"menu_order":0,"comment_status":"closed","ping_status":"closed","template":"","meta":{"footnotes":""},"class_list":["post-2765","page","type-page","status-publish","hentry"],"_links":{"self":[{"href":"https:\/\/marsaship.com\/fr\/wp-json\/wp\/v2\/pages\/2765","targetHints":{"allow":["GET"]}}],"collection":[{"href":"https:\/\/marsaship.com\/fr\/wp-json\/wp\/v2\/pages"}],"about":[{"href":"https:\/\/marsaship.com\/fr\/wp-json\/wp\/v2\/types\/page"}],"author":[{"embeddable":true,"href":"https:\/\/marsaship.com\/fr\/wp-json\/wp\/v2\/users\/1"}],"replies":[{"embeddable":true,"href":"https:\/\/marsaship.com\/fr\/wp-json\/wp\/v2\/comments?post=2765"}],"version-history":[{"count":3,"href":"https:\/\/marsaship.com\/fr\/wp-json\/wp\/v2\/pages\/2765\/revisions"}],"predecessor-version":[{"id":2775,"href":"https:\/\/marsaship.com\/fr\/wp-json\/wp\/v2\/pages\/2765\/revisions\/2775"}],"wp:attachment":[{"href":"https:\/\/marsaship.com\/fr\/wp-json\/wp\/v2\/media?parent=2765"}],"curies":[{"name":"wp","href":"https:\/\/api.w.org\/{rel}","templated":true}]}}