{"id":2768,"date":"2023-11-11T11:17:33","date_gmt":"2023-11-11T11:17:33","guid":{"rendered":"https:\/\/marsaship.com\/reservation-croisee\/"},"modified":"2023-12-21T09:10:04","modified_gmt":"2023-12-21T09:10:04","slug":"reservation-croisee","status":"publish","type":"page","link":"https:\/\/marsaship.com\/fr\/reservation-croisee\/","title":{"rendered":"R\u00e9servation crois\u00e9e"},"content":{"rendered":"<div class=\"bt_rc_container\"><section id=\"bt_section69e75007b991d\" data-parallax=\"0.1\" data-parallax-offset=\"-50\" class=\"boldSection topExtraSpaced bottomSpaced btDarkSkin gutter btMiddleVertical btParallax wBackground cover\" style=\"background-image:url('https:\/\/marsaship.com\/wp-content\/uploads\/2023\/11\/qsdqsdqsdqsq.jpg');\"><div class=\"port\"><div class=\"boldCell\"><div class=\"boldCellInner\"><div class=\"boldRow \" ><div class=\"rowItem col-md-12 col-ms-12  btTextLeft animate animate-fadein animate-moveleft inherit\"  ><div class=\"rowItemContent\"><header class=\"header btClear extralarge btDash bottomDash  btAccentDash btRegularTitle\" style=\"max-width: 800px;\"><p class=\"btSuperTitle\">R\u00e9volutionner votre logistique<\/p><div class=\"dash\"><h1><span class=\"headline\">R\u00e9servation crois\u00e9e<\/span><\/h1><\/div><p class=\"btSubTitle\">D\u00e9couvrez le Cross Booking de Marsaship : Des solutions logistiques innovantes pour une gestion efficace et rentable des exp\u00e9ditions, avec une port\u00e9e mondiale et une expertise locale.<\/p><\/header><div class=\"btClear btSeparator bottomSemiSpaced noBorder\" ><hr><\/div><div class=\"btBtn btBtn btnFilled btnAccentColor btnSmall btnNormal btnIco\" ><div class=\"btIco borderless extrasmall\"><a href=\"#\"  data-ico-fa=\"&#xf0e5;\" class=\"btIcoHolder\"><span>Nous-contactez<\/span><\/a><\/div><\/div><div class=\"btBtn btBtn btnFilled btnNormalColor btnSmall btnNormal btnIco\" ><div class=\"btIco borderless extrasmall\"><a href=\"#\"  data-ico-cs=\"&#xe61d;\" class=\"btIcoHolder\"><span>Nos services<\/span><\/a><\/div><\/div><\/div><\/div><\/div><\/div><\/div><\/div><\/section><section id=\"bt_section69e75007ba0a4\"  class=\"boldSection topSpaced bottomSemiSpaced gutter inherit\" ><div class=\"port\"><div class=\"boldCell\"><div class=\"boldCellInner\"><div class=\"boldRow \" ><div class=\"rowItem col-md-9 col-ms-12  btTextLeft\"  ><div class=\"rowItemContent\"><header class=\"header btClear medium  btAccentDash btRegularTitle\" ><p class=\"btSuperTitle\">Navigate the World<\/p><div class=\"dash\"><h3><span class=\"headline\">Marsaship&rsquo;s Cross Booking<\/span><\/h3><\/div><\/header><div class=\"btClear btSeparator topSmallSpaced noBorder\" ><hr><\/div><div class=\"slided smallSliderHeight btSliderHideArrows\"  data-slick='{\"autoplay\":true,\"autoplaySpeed\":3000,\"pauseOnHover\":false,\"pauseOnDotsHover\":true}'><div class=\"slidedItem firstItem\"  data-thumb=\"https:\/\/marsaship.com\/wp-content\/uploads\/2023\/11\/75217a48-7ce0-436b-a366-27e39205a0c3-320x183.webp\"><div class=\"btSliderPort wBackground cover\" style=\"background-image: url('https:\/\/marsaship.com\/wp-content\/uploads\/2023\/11\/75217a48-7ce0-436b-a366-27e39205a0c3.webp')\"><div class=\"btSliderCell\" data-slick=\"yes\"><div class=\"btSlideGutter\"><div class=\"btSlidePane\"><\/div><\/div><\/div><\/div><\/div><\/div><div class=\"btClear btSeparator topSmallSpaced noBorder\" ><hr><\/div><div class=\"btText\"><p><strong>Marsaship<\/strong>, leader innovant dans le secteur de la logistique, est fier de pr\u00e9senter son service r\u00e9volutionnaire : <strong>Cross Booking<\/strong>. Ce service unique est con\u00e7u pour transformer la mani\u00e8re dont les entreprises g\u00e8rent leurs exp\u00e9ditions, en maximisant l&rsquo;efficacit\u00e9 et en r\u00e9duisant les co\u00fbts.<\/p>\n<p><strong>Simplicit\u00e9 et efficacit\u00e9 :<\/strong> Notre plateforme Cross Booking permet une gestion rationalis\u00e9e de vos envois. Gr\u00e2ce \u00e0 une interface intuitive, vous pouvez planifier, suivre et g\u00e9rer vos exp\u00e9ditions en quelques clics, ce qui vous offre un contr\u00f4le et une visibilit\u00e9 sans pr\u00e9c\u00e9dent sur vos op\u00e9rations logistiques.<\/p>\n<p><strong>Optimisation des itin\u00e9raires :<\/strong> Nous utilisons des algorithmes avanc\u00e9s pour optimiser les itin\u00e9raires de livraison. Cela garantit que vos produits arrivent \u00e0 destination de la mani\u00e8re la plus rapide et la plus \u00e9conomique possible, r\u00e9duisant ainsi les d\u00e9lais d&rsquo;exp\u00e9dition et les co\u00fbts associ\u00e9s.<\/p>\n<p><strong>R\u00e9seau mondial, expertise locale :<\/strong> Avec Marsaship, vous b\u00e9n\u00e9ficiez d&rsquo;un r\u00e9seau mondial tout en profitant d&rsquo;une expertise locale. Notre service Cross Booking s&rsquo;\u00e9tend \u00e0 l&rsquo;international, vous permettant d&rsquo;acc\u00e9der \u00e0 de nouveaux march\u00e9s tout en vous appuyant sur notre connaissance approfondie des sp\u00e9cificit\u00e9s locales.<\/p>\n<p><strong>Durabilit\u00e9 et responsabilit\u00e9 :<\/strong> Dans le cadre du soutien aux pratiques commerciales durables, notre service Cross Booking encourage l&rsquo;optimisation de la charge afin de r\u00e9duire les \u00e9missions de carbone. Choisir Marsaship, c&rsquo;est aussi choisir un partenaire engag\u00e9 pour l&rsquo;environnement.<\/p>\n<p><strong>Une assistance \u00e0 la client\u00e8le d\u00e9vou\u00e9e :<\/strong> Notre \u00e9quipe d&rsquo;experts est toujours disponible pour fournir une assistance personnalis\u00e9e et r\u00e9pondre \u00e0 toutes vos questions. Chez Marsaship, nous nous engageons \u00e0 offrir une exp\u00e9rience client exceptionnelle \u00e0 chaque \u00e9tape de votre parcours logistique.<\/p>\n<p><strong>Participez \u00e0 la r\u00e9volution logistique avec Marsaship<\/strong> Exploitez tout le potentiel de vos op\u00e9rations logistiques avec Cross Booking. Nous sommes l\u00e0 pour vous aider \u00e0 simplifier, optimiser et r\u00e9volutionner votre cha\u00eene d&rsquo;approvisionnement.<\/p>\n<\/div><div class=\"btClear btSeparator topSmallSpaced noBorder\" ><hr><\/div><div class=\"btClear btSeparator topSmallSpaced noBorder\" ><hr><\/div><\/div><\/div><div class=\"rowItem col-md-3 col-sm-6 col-ms-12 btTextLeft inherit btDoublePadding\"  ><div class=\"rowItemContent\"><header class=\"header btClear small  btAccentDash btRegularTitle\" ><p class=\"btSuperTitle\">LIRE LA SUITE<\/p><div class=\"dash\"><h4><span class=\"headline\">AUTRES SERVICES<\/span><\/h4><\/div><\/header><div class=\"btCustomMenu \" ><div class=\"menu-services-menu-container\"><ul id=\"menu-services-menu\" class=\"menu\"><li id=\"menu-item-1152\" class=\"menu-item menu-item-type-post_type menu-item-object-page menu-item-1152\"><a href=\"https:\/\/marsaship.com\/services\/flexitanks\/\">Flexitanks<\/a><\/li><li id=\"menu-item-1150\" class=\"menu-item menu-item-type-post_type menu-item-object-page menu-item-1150\"><a href=\"https:\/\/marsaship.com\/services\/ibc-drums\/\">IBC et barils<\/a><\/li><li id=\"menu-item-1149\" class=\"menu-item menu-item-type-post_type menu-item-object-page menu-item-1149\"><a href=\"https:\/\/marsaship.com\/services\/full-container\/\">Conteneur complet<\/a><\/li><li id=\"menu-item-2141\" class=\"menu-item menu-item-type-post_type menu-item-object-page menu-item-2141\"><a href=\"https:\/\/marsaship.com\/services\/iso-tanks\/\">ISO Tanks<\/a><\/li><li id=\"menu-item-2142\" class=\"menu-item menu-item-type-post_type menu-item-object-page menu-item-2142\"><a href=\"https:\/\/marsaship.com\/services\/oversized-loads\/\">Charges surdimensionn\u00e9es<\/a><\/li><li id=\"menu-item-2143\" class=\"menu-item menu-item-type-post_type menu-item-object-page menu-item-2143\"><a href=\"https:\/\/marsaship.com\/services\/less-container\/\">Conteneur r\u00e9duit<\/a><\/li><li id=\"menu-item-2491\" class=\"menu-item menu-item-type-post_type menu-item-object-page menu-item-2491\"><a href=\"https:\/\/marsaship.com\/services\/cross-booking\/\">R\u00e9servation crois\u00e9e<\/a><\/li><li id=\"menu-item-2526\" class=\"menu-item menu-item-type-post_type menu-item-object-page menu-item-2526\"><a href=\"https:\/\/marsaship.com\/nos-realisation\/\">Nos r\u00e9alisations<\/a><\/li>\n<\/ul><\/div><\/div><div class=\"btClear btSeparator topSemiSpaced noBorder\" ><hr><\/div><header class=\"header btClear small  btAccentDash btRegularTitle\" ><p class=\"btSuperTitle\">T\u00c9L\u00c9CHARGER LA SECTION<\/p><div class=\"dash\"><h4><span class=\"headline\">BROCHURES<\/span><\/h4><\/div><\/header><div class=\"btBtn btBtn btnOutline btnLightColor btnSmall btnFull btnIco\" ><div class=\"btIco borderless extrasmall\"><a href=\"http:\/\/http:\/\/www.google.com\"  target=\"_blank\"  data-ico-fa=\"&#xf1c1;\" class=\"btIcoHolder\"><span>Service Brochure<\/span><\/a><\/div><\/div><div class=\"btClear btSeparator topSpaced noBorder\" ><hr><\/div><header class=\"header btClear small  btAccentDash btRegularTitle\" ><div class=\"dash\"><h4><span class=\"headline\">CONTACTEZ NOUS<\/span><\/h4><\/div><\/header><div class=\"btIconImageRow\" ><div class=\"btIco borderless extrasmall\"><span  data-ico-fa=\"&#xf098;\" class=\"btIcoHolder\"><span>T\u00e9l\u00e9phone : +216 52 270 236<\/span><\/span><\/div><\/div><div class=\"btIconImageRow\" ><div class=\"btIco borderless extrasmall\"><span  data-ico-fa=\"&#xf0e0;\" class=\"btIcoHolder\"><span>Email : info@marsaship.com<\/span><\/span><\/div><\/div><div class=\"btClear btSeparator topSmallSpaced noBorder\" ><hr><\/div><\/div><\/div><\/div><\/div><\/div><\/div><\/section><\/div>","protected":false},"excerpt":{"rendered":"","protected":false},"author":1,"featured_media":0,"parent":0,"menu_order":0,"comment_status":"closed","ping_status":"closed","template":"","meta":{"footnotes":""},"class_list":["post-2768","page","type-page","status-publish","hentry"],"_links":{"self":[{"href":"https:\/\/marsaship.com\/fr\/wp-json\/wp\/v2\/pages\/2768","targetHints":{"allow":["GET"]}}],"collection":[{"href":"https:\/\/marsaship.com\/fr\/wp-json\/wp\/v2\/pages"}],"about":[{"href":"https:\/\/marsaship.com\/fr\/wp-json\/wp\/v2\/types\/page"}],"author":[{"embeddable":true,"href":"https:\/\/marsaship.com\/fr\/wp-json\/wp\/v2\/users\/1"}],"replies":[{"embeddable":true,"href":"https:\/\/marsaship.com\/fr\/wp-json\/wp\/v2\/comments?post=2768"}],"version-history":[{"count":5,"href":"https:\/\/marsaship.com\/fr\/wp-json\/wp\/v2\/pages\/2768\/revisions"}],"predecessor-version":[{"id":2779,"href":"https:\/\/marsaship.com\/fr\/wp-json\/wp\/v2\/pages\/2768\/revisions\/2779"}],"wp:attachment":[{"href":"https:\/\/marsaship.com\/fr\/wp-json\/wp\/v2\/media?parent=2768"}],"curies":[{"name":"wp","href":"https:\/\/api.w.org\/{rel}","templated":true}]}}